{"id":4488,"date":"2024-10-22T12:14:16","date_gmt":"2024-10-22T09:14:16","guid":{"rendered":"https:\/\/joulumieli.iwn.co\/?page_id=4488"},"modified":"2024-10-22T15:56:51","modified_gmt":"2024-10-22T12:56:51","slug":"hyva-joulumieli-kerayksen-tietosuoja","status":"publish","type":"page","link":"https:\/\/hyvajoulumieli.fi\/en\/hyva-joulumieli-kerayksen-tietosuoja\/","title":{"rendered":"Privacy Policy for the Good Holiday Spirit Collection"},"content":{"rendered":"\n<section id=\"g-fh3737q\" class=\"wp-block-gutentor-m3 section-g-fh3737q gutentor-module gutentor-container-cover\"><div class=\"grid-container gutentor-rm-ct-space\">\n<section id=\"g-0rvimqm\" class=\"wp-block-gutentor-m4 section-g-0rvimqm gutentor-module gutentor-advanced-columns has-color-bg has-custom-bg\"><div class=\"grid-container gutentor-rm-ct-space\"><div class=\"grid-row\">\n<div id=\"col-g-y18ene8\" class=\"wp-block-gutentor-m4-col col-g-y18ene8 gutentor-single-column  grid-lg-12 grid-md-12 grid-12\"><div id=\"section-g-y18ene8\" class=\"section-g-y18ene8 gutentor-col-wrap\">\n<div id=\"section-g-1r3jsm1\" class=\"wp-block-gutentor-e0 section-g-1r3jsm1 gutentor-element gutentor-element-advanced-text\"><div class=\"gutentor-text-wrap\"><p class=\"gutentor-text\">In the Good Holiday Spirit Collection, the following information about donors is collected.<\/p><\/div><\/div>\n<\/div><\/div>\n<\/div><\/div><\/section>\n\n\n\n<section id=\"g-6hchil0\" class=\"wp-block-gutentor-m4 section-g-6hchil0 gutentor-module gutentor-advanced-columns has-color-bg has-custom-bg\"><div class=\"grid-container gutentor-rm-ct-space\"><div class=\"grid-row\">\n<div id=\"col-g-z4zbbep\" class=\"wp-block-gutentor-m4-col col-g-z4zbbep gutentor-single-column  grid-lg-6 grid-md-6 grid-12\"><div id=\"section-g-z4zbbep\" class=\"section-g-z4zbbep gutentor-col-wrap\">\n<div id=\"section-g-4tiatti\" class=\"wp-block-gutentor-e1 section-g-4tiatti gutentor-element gutentor-element-advanced-text\"><div class=\"gutentor-text-wrap\"><h2 class=\"gutentor-text\">Corporate and Organisational Donations<\/h2><\/div><\/div>\n\n\n\n<div id=\"section-g-2mue3nk\" class=\"wp-block-gutentor-e0 section-g-2mue3nk gutentor-element gutentor-element-advanced-text\"><div class=\"gutentor-text-wrap\"><p class=\"gutentor-text\">When a company requests an invoice, the company&#8217;s\/organisation&#8217;s name and donation amount are recorded. This information is retained in accordance with Finnish accounting regulations.<br><br>Through the website, a company\/organisation can make a donation by completing an online form. The form collects the company\u2019s\/organisation\u2019s name, billing information, donation amount, and the contact person\u2019s details (name, phone number, email). The donor enters the information themselves via the online form. The form data is sent by email to hyvajoulumieli(a)mll.fi.<br><br>In addition, the online form data is logged in a file stored behind the website, which can only be accessed by logging in. The form data is stored until the end of the campaign.<br>After filling out the form, the company\/organisation can print the generated invoice and pay the donation via invoice, or make the donation directly through the online payment service.<br><br>The online payment details are recorded by the online payment service, where the total donation amount is reviewed. The names of all donors and donation amounts are collected so that their details can be published on the hyvajoulumieli.fi website. This information is visible until the next campaign begins.<br><br>Contact details are stored in the corporate contact database maintained by the Finnish Red Cross, and the information is not shared with third parties. The details are used solely for communication regarding the Good Holiday Spirit Collection.<\/p><\/div><\/div>\n<\/div><\/div>\n\n\n\n<div id=\"col-g-wbxkkdb\" class=\"wp-block-gutentor-m4-col col-g-wbxkkdb gutentor-single-column  grid-lg-6 grid-md-6 grid-12\"><div id=\"section-g-wbxkkdb\" class=\"section-g-wbxkkdb gutentor-col-wrap\">\n<div id=\"section-g-ujf1prg\" class=\"wp-block-gutentor-e6 section-g-ujf1prg gutentor-element gutentor-element-image\"><div class=\"gutentor-element-image-box\"><div class=\"gutentor-image-thumb\"><img decoding=\"async\" class=\"normal-image lazyload\" src=\"data:image\/gif;base64,R0lGODlhAQABAAAAACH5BAEKAAEALAAAAAABAAEAAAICTAEAOw==\" data-src=\"https:\/\/hyvajoulumieli.fi\/wp-content\/uploads\/2024\/10\/20191028__SPR15184-nettisivuille-scaled-2.jpg\"><\/div><\/div><\/div>\n<\/div><\/div>\n<\/div><\/div><\/section>\n\n\n\n<section id=\"g-sg8v68s\" class=\"wp-block-gutentor-m4 section-g-sg8v68s gutentor-module gutentor-advanced-columns has-color-bg has-custom-bg\"><div class=\"grid-container gutentor-rm-ct-space\"><div class=\"grid-row\">\n<div id=\"col-g-01lddlv\" class=\"wp-block-gutentor-m4-col col-g-01lddlv gutentor-single-column  grid-lg-12 grid-md-12 grid-12\"><div id=\"section-g-01lddlv\" class=\"section-g-01lddlv gutentor-col-wrap\">\n<div id=\"section-g-1r9olnl\" class=\"wp-block-gutentor-e1 section-g-1r9olnl gutentor-element gutentor-element-advanced-text\"><div class=\"gutentor-text-wrap\"><h2 class=\"gutentor-text\">Individual Donations<\/h2><\/div><\/div>\n\n\n\n<div id=\"section-g-x1ee1s9\" class=\"wp-block-gutentor-e0 section-g-x1ee1s9 gutentor-element gutentor-element-advanced-text\"><div class=\"gutentor-text-wrap\"><p class=\"gutentor-text\">For donations made via mobile, text message, or phone, only the total donation amount is visible in the transaction report, and no identifiable information is collected.<br><br>Online donations are processed like standard online payments. If a donor requests a receipt, they must provide an email address to which the receipt will be sent by the online payment service (MLL will see the email address). Email addresses are stored by the online payment service. If the donor does not request a receipt, no personal information is stored other than the data necessary to complete the online payment.<br><br>If an individual donates directly by paying into the Good Holiday Spirit account, the payment appears on the bank statement, and the information is retained in accordance with accounting regulations.<\/p><\/div><\/div>\n<\/div><\/div>\n<\/div><\/div><\/section>\n<\/div><\/section>\n\n\n\n<p><\/p>\n","protected":false},"excerpt":{"rendered":"","protected":false},"author":1,"featured_media":0,"parent":0,"menu_order":11,"comment_status":"closed","ping_status":"closed","template":"","meta":{"_acf_changed":false,"_monsterinsights_skip_tracking":false,"_monsterinsights_sitenote_active":false,"_monsterinsights_sitenote_note":"","_monsterinsights_sitenote_category":0,"footnotes":""},"class_list":["post-4488","page","type-page","status-publish"],"acf":[],"yoast_head":"<!-- This site is optimized with the Yoast SEO plugin v27.3 - https:\/\/yoast.com\/product\/yoast-seo-wordpress\/ -->\n<title>Privacy Policy for the Good Holiday Spirit Collection - Hyv\u00e4 Joulumieli -ker\u00e4ys<\/title>\n<meta name=\"robots\" content=\"index, follow, max-snippet:-1, max-image-preview:large, max-video-preview:-1\" \/>\n<link rel=\"canonical\" href=\"https:\/\/hyvajoulumieli.fi\/en\/hyva-joulumieli-kerayksen-tietosuoja\/\" \/>\n<meta property=\"og:locale\" content=\"en_US\" \/>\n<meta property=\"og:type\" content=\"article\" \/>\n<meta property=\"og:title\" content=\"Privacy Policy for the Good Holiday Spirit Collection - Hyv\u00e4 Joulumieli -ker\u00e4ys\" \/>\n<meta property=\"og:url\" content=\"https:\/\/hyvajoulumieli.fi\/en\/hyva-joulumieli-kerayksen-tietosuoja\/\" \/>\n<meta property=\"og:site_name\" content=\"Hyv\u00e4 Joulumieli -ker\u00e4ys\" \/>\n<meta property=\"article:publisher\" content=\"https:\/\/www.facebook.com\/hyvajoulumieli\/\" \/>\n<meta property=\"article:modified_time\" content=\"2024-10-22T12:56:51+00:00\" \/>\n<meta property=\"og:image\" content=\"https:\/\/hyvajoulumieli.fi\/wp-content\/uploads\/2024\/10\/20191028__SPR15184-nettisivuille-scaled-2.jpg\" \/>\n<meta name=\"twitter:card\" content=\"summary_large_image\" \/>\n<meta name=\"twitter:site\" content=\"@hyvajoulumieli\" \/>\n<meta name=\"twitter:label1\" content=\"Est. reading time\" \/>\n\t<meta name=\"twitter:data1\" content=\"3 minutes\" \/>\n<script type=\"application\/ld+json\" class=\"yoast-schema-graph\">{\"@context\":\"https:\\\/\\\/schema.org\",\"@graph\":[{\"@type\":\"WebPage\",\"@id\":\"https:\\\/\\\/hyvajoulumieli.fi\\\/en\\\/hyva-joulumieli-kerayksen-tietosuoja\\\/\",\"url\":\"https:\\\/\\\/hyvajoulumieli.fi\\\/en\\\/hyva-joulumieli-kerayksen-tietosuoja\\\/\",\"name\":\"Privacy Policy for the Good Holiday Spirit Collection - Hyv\u00e4 Joulumieli -ker\u00e4ys\",\"isPartOf\":{\"@id\":\"https:\\\/\\\/hyvajoulumieli.fi\\\/#website\"},\"primaryImageOfPage\":{\"@id\":\"https:\\\/\\\/hyvajoulumieli.fi\\\/en\\\/hyva-joulumieli-kerayksen-tietosuoja\\\/#primaryimage\"},\"image\":{\"@id\":\"https:\\\/\\\/hyvajoulumieli.fi\\\/en\\\/hyva-joulumieli-kerayksen-tietosuoja\\\/#primaryimage\"},\"thumbnailUrl\":\"https:\\\/\\\/hyvajoulumieli.fi\\\/wp-content\\\/uploads\\\/2024\\\/10\\\/20191028__SPR15184-nettisivuille-scaled-2.jpg\",\"datePublished\":\"2024-10-22T09:14:16+00:00\",\"dateModified\":\"2024-10-22T12:56:51+00:00\",\"breadcrumb\":{\"@id\":\"https:\\\/\\\/hyvajoulumieli.fi\\\/en\\\/hyva-joulumieli-kerayksen-tietosuoja\\\/#breadcrumb\"},\"inLanguage\":\"en-US\",\"potentialAction\":[{\"@type\":\"ReadAction\",\"target\":[\"https:\\\/\\\/hyvajoulumieli.fi\\\/en\\\/hyva-joulumieli-kerayksen-tietosuoja\\\/\"]}]},{\"@type\":\"ImageObject\",\"inLanguage\":\"en-US\",\"@id\":\"https:\\\/\\\/hyvajoulumieli.fi\\\/en\\\/hyva-joulumieli-kerayksen-tietosuoja\\\/#primaryimage\",\"url\":\"https:\\\/\\\/hyvajoulumieli.fi\\\/wp-content\\\/uploads\\\/2024\\\/10\\\/20191028__SPR15184-nettisivuille-scaled-2.jpg\",\"contentUrl\":\"https:\\\/\\\/hyvajoulumieli.fi\\\/wp-content\\\/uploads\\\/2024\\\/10\\\/20191028__SPR15184-nettisivuille-scaled-2.jpg\"},{\"@type\":\"BreadcrumbList\",\"@id\":\"https:\\\/\\\/hyvajoulumieli.fi\\\/en\\\/hyva-joulumieli-kerayksen-tietosuoja\\\/#breadcrumb\",\"itemListElement\":[{\"@type\":\"ListItem\",\"position\":1,\"name\":\"Etusivu\",\"item\":\"https:\\\/\\\/hyvajoulumieli.fi\\\/en\\\/\"},{\"@type\":\"ListItem\",\"position\":2,\"name\":\"Privacy Policy for the Good Holiday Spirit Collection\"}]},{\"@type\":\"WebSite\",\"@id\":\"https:\\\/\\\/hyvajoulumieli.fi\\\/#website\",\"url\":\"https:\\\/\\\/hyvajoulumieli.fi\\\/\",\"name\":\"Hyv\u00e4 Joulumieli -ker\u00e4ys\",\"description\":\"Lahjoituksellasi autat v\u00e4h\u00e4varaisia lapsiperheit\u00e4. Sinun avullasi voimme jakaa ruokalahjakortteja apua tarvitseville perheille Suomessa. Hyv\u00e4 Joulumieli -lahjoitus tuo joulun.\",\"publisher\":{\"@id\":\"https:\\\/\\\/hyvajoulumieli.fi\\\/#organization\"},\"potentialAction\":[{\"@type\":\"SearchAction\",\"target\":{\"@type\":\"EntryPoint\",\"urlTemplate\":\"https:\\\/\\\/hyvajoulumieli.fi\\\/?s={search_term_string}\"},\"query-input\":{\"@type\":\"PropertyValueSpecification\",\"valueRequired\":true,\"valueName\":\"search_term_string\"}}],\"inLanguage\":\"en-US\"},{\"@type\":\"Organization\",\"@id\":\"https:\\\/\\\/hyvajoulumieli.fi\\\/#organization\",\"name\":\"Hyv\u00e4 Joulumieli -ker\u00e4ys\",\"url\":\"https:\\\/\\\/hyvajoulumieli.fi\\\/\",\"logo\":{\"@type\":\"ImageObject\",\"inLanguage\":\"en-US\",\"@id\":\"https:\\\/\\\/hyvajoulumieli.fi\\\/#\\\/schema\\\/logo\\\/image\\\/\",\"url\":\"https:\\\/\\\/hyvajoulumieli.fi\\\/wp-content\\\/uploads\\\/2024\\\/09\\\/Hyvajoulumieli_logo_valkoinen-tausta.png\",\"contentUrl\":\"https:\\\/\\\/hyvajoulumieli.fi\\\/wp-content\\\/uploads\\\/2024\\\/09\\\/Hyvajoulumieli_logo_valkoinen-tausta.png\",\"width\":295,\"height\":113,\"caption\":\"Hyv\u00e4 Joulumieli -ker\u00e4ys\"},\"image\":{\"@id\":\"https:\\\/\\\/hyvajoulumieli.fi\\\/#\\\/schema\\\/logo\\\/image\\\/\"},\"sameAs\":[\"https:\\\/\\\/www.facebook.com\\\/hyvajoulumieli\\\/\",\"https:\\\/\\\/x.com\\\/hyvajoulumieli\",\"http:\\\/\\\/@hyvajoulumieli\"]}]}<\/script>\n<!-- \/ Yoast SEO plugin. -->","yoast_head_json":{"title":"Privacy Policy for the Good Holiday Spirit Collection - Hyv\u00e4 Joulumieli -ker\u00e4ys","robots":{"index":"index","follow":"follow","max-snippet":"max-snippet:-1","max-image-preview":"max-image-preview:large","max-video-preview":"max-video-preview:-1"},"canonical":"https:\/\/hyvajoulumieli.fi\/en\/hyva-joulumieli-kerayksen-tietosuoja\/","og_locale":"en_US","og_type":"article","og_title":"Privacy Policy for the Good Holiday Spirit Collection - Hyv\u00e4 Joulumieli -ker\u00e4ys","og_url":"https:\/\/hyvajoulumieli.fi\/en\/hyva-joulumieli-kerayksen-tietosuoja\/","og_site_name":"Hyv\u00e4 Joulumieli -ker\u00e4ys","article_publisher":"https:\/\/www.facebook.com\/hyvajoulumieli\/","article_modified_time":"2024-10-22T12:56:51+00:00","og_image":[{"url":"https:\/\/hyvajoulumieli.fi\/wp-content\/uploads\/2024\/10\/20191028__SPR15184-nettisivuille-scaled-2.jpg","type":"","width":"","height":""}],"twitter_card":"summary_large_image","twitter_site":"@hyvajoulumieli","twitter_misc":{"Est. reading time":"3 minutes"},"schema":{"@context":"https:\/\/schema.org","@graph":[{"@type":"WebPage","@id":"https:\/\/hyvajoulumieli.fi\/en\/hyva-joulumieli-kerayksen-tietosuoja\/","url":"https:\/\/hyvajoulumieli.fi\/en\/hyva-joulumieli-kerayksen-tietosuoja\/","name":"Privacy Policy for the Good Holiday Spirit Collection - Hyv\u00e4 Joulumieli -ker\u00e4ys","isPartOf":{"@id":"https:\/\/hyvajoulumieli.fi\/#website"},"primaryImageOfPage":{"@id":"https:\/\/hyvajoulumieli.fi\/en\/hyva-joulumieli-kerayksen-tietosuoja\/#primaryimage"},"image":{"@id":"https:\/\/hyvajoulumieli.fi\/en\/hyva-joulumieli-kerayksen-tietosuoja\/#primaryimage"},"thumbnailUrl":"https:\/\/hyvajoulumieli.fi\/wp-content\/uploads\/2024\/10\/20191028__SPR15184-nettisivuille-scaled-2.jpg","datePublished":"2024-10-22T09:14:16+00:00","dateModified":"2024-10-22T12:56:51+00:00","breadcrumb":{"@id":"https:\/\/hyvajoulumieli.fi\/en\/hyva-joulumieli-kerayksen-tietosuoja\/#breadcrumb"},"inLanguage":"en-US","potentialAction":[{"@type":"ReadAction","target":["https:\/\/hyvajoulumieli.fi\/en\/hyva-joulumieli-kerayksen-tietosuoja\/"]}]},{"@type":"ImageObject","inLanguage":"en-US","@id":"https:\/\/hyvajoulumieli.fi\/en\/hyva-joulumieli-kerayksen-tietosuoja\/#primaryimage","url":"https:\/\/hyvajoulumieli.fi\/wp-content\/uploads\/2024\/10\/20191028__SPR15184-nettisivuille-scaled-2.jpg","contentUrl":"https:\/\/hyvajoulumieli.fi\/wp-content\/uploads\/2024\/10\/20191028__SPR15184-nettisivuille-scaled-2.jpg"},{"@type":"BreadcrumbList","@id":"https:\/\/hyvajoulumieli.fi\/en\/hyva-joulumieli-kerayksen-tietosuoja\/#breadcrumb","itemListElement":[{"@type":"ListItem","position":1,"name":"Etusivu","item":"https:\/\/hyvajoulumieli.fi\/en\/"},{"@type":"ListItem","position":2,"name":"Privacy Policy for the Good Holiday Spirit Collection"}]},{"@type":"WebSite","@id":"https:\/\/hyvajoulumieli.fi\/#website","url":"https:\/\/hyvajoulumieli.fi\/","name":"Hyv\u00e4 Joulumieli -ker\u00e4ys","description":"Lahjoituksellasi autat v\u00e4h\u00e4varaisia lapsiperheit\u00e4. Sinun avullasi voimme jakaa ruokalahjakortteja apua tarvitseville perheille Suomessa. Hyv\u00e4 Joulumieli -lahjoitus tuo joulun.","publisher":{"@id":"https:\/\/hyvajoulumieli.fi\/#organization"},"potentialAction":[{"@type":"SearchAction","target":{"@type":"EntryPoint","urlTemplate":"https:\/\/hyvajoulumieli.fi\/?s={search_term_string}"},"query-input":{"@type":"PropertyValueSpecification","valueRequired":true,"valueName":"search_term_string"}}],"inLanguage":"en-US"},{"@type":"Organization","@id":"https:\/\/hyvajoulumieli.fi\/#organization","name":"Hyv\u00e4 Joulumieli -ker\u00e4ys","url":"https:\/\/hyvajoulumieli.fi\/","logo":{"@type":"ImageObject","inLanguage":"en-US","@id":"https:\/\/hyvajoulumieli.fi\/#\/schema\/logo\/image\/","url":"https:\/\/hyvajoulumieli.fi\/wp-content\/uploads\/2024\/09\/Hyvajoulumieli_logo_valkoinen-tausta.png","contentUrl":"https:\/\/hyvajoulumieli.fi\/wp-content\/uploads\/2024\/09\/Hyvajoulumieli_logo_valkoinen-tausta.png","width":295,"height":113,"caption":"Hyv\u00e4 Joulumieli -ker\u00e4ys"},"image":{"@id":"https:\/\/hyvajoulumieli.fi\/#\/schema\/logo\/image\/"},"sameAs":["https:\/\/www.facebook.com\/hyvajoulumieli\/","https:\/\/x.com\/hyvajoulumieli","http:\/\/@hyvajoulumieli"]}]}},"_links":{"self":[{"href":"https:\/\/hyvajoulumieli.fi\/en\/wp-json\/wp\/v2\/pages\/4488","targetHints":{"allow":["GET"]}}],"collection":[{"href":"https:\/\/hyvajoulumieli.fi\/en\/wp-json\/wp\/v2\/pages"}],"about":[{"href":"https:\/\/hyvajoulumieli.fi\/en\/wp-json\/wp\/v2\/types\/page"}],"author":[{"embeddable":true,"href":"https:\/\/hyvajoulumieli.fi\/en\/wp-json\/wp\/v2\/users\/1"}],"replies":[{"embeddable":true,"href":"https:\/\/hyvajoulumieli.fi\/en\/wp-json\/wp\/v2\/comments?post=4488"}],"version-history":[{"count":4,"href":"https:\/\/hyvajoulumieli.fi\/en\/wp-json\/wp\/v2\/pages\/4488\/revisions"}],"predecessor-version":[{"id":4510,"href":"https:\/\/hyvajoulumieli.fi\/en\/wp-json\/wp\/v2\/pages\/4488\/revisions\/4510"}],"wp:attachment":[{"href":"https:\/\/hyvajoulumieli.fi\/en\/wp-json\/wp\/v2\/media?parent=4488"}],"curies":[{"name":"wp","href":"https:\/\/api.w.org\/{rel}","templated":true}]}}