{"id":5293,"date":"2025-10-27T15:50:09","date_gmt":"2025-10-27T13:50:09","guid":{"rendered":"https:\/\/hyvajoulumieli.fi\/?page_id=5293"},"modified":"2025-10-27T15:58:27","modified_gmt":"2025-10-27T13:58:27","slug":"yrityslahjoitukset_mika-eng","status":"publish","type":"page","link":"https:\/\/hyvajoulumieli.fi\/en\/yrityslahjoitukset_mika-eng\/","title":{"rendered":"Yrityslahjoitukset &#8211; testi eng"},"content":{"rendered":"\n<section id=\"g-fh3737q\" class=\"wp-block-gutentor-m3 section-g-fh3737q gutentor-module gutentor-container-cover\"><div class=\"grid-container gutentor-rm-ct-space\">\n<section id=\"g-0rvimqm\" class=\"wp-block-gutentor-m4 section-g-0rvimqm gutentor-module gutentor-advanced-columns has-color-bg has-custom-bg\"><div class=\"grid-container gutentor-rm-ct-space\"><div class=\"grid-row\">\n<div id=\"col-g-y18ene8\" class=\"wp-block-gutentor-m4-col col-g-y18ene8 gutentor-single-column  grid-lg-12 grid-md-12 grid-12\"><div id=\"section-g-y18ene8\" class=\"section-g-y18ene8 gutentor-col-wrap\">\n<div id=\"section-g-e8llult\" class=\"wp-block-gutentor-e1 section-g-e8llult gutentor-element gutentor-element-advanced-text\"><div class=\"gutentor-text-wrap\"><h2 class=\"gutentor-text\">Miten yritys tai organisaatio voi lahjoittaa ker\u00e4ykseen?<\/h2><\/div><\/div>\n\n\n\n<p>Lahjoituksen voi tehd\u00e4 joko suoraan verkossa, laskulla tai tekem\u00e4ll\u00e4 tilisiirron.<\/p>\n\n\n\n<div id=\"section-g-6qi4hwb\" class=\"wp-block-gutentor-e0 section-g-6qi4hwb gutentor-element gutentor-element-advanced-text\"><div class=\"gutentor-text-wrap\"><h3 class=\"gutentor-text\">Maksa verkossa tai tulosta lasku<\/h3><\/div><\/div>\n\n\n\n<p>Valitsemalla summan siirryt lomakkeelle, jossa voit tehd\u00e4 lahjoituksen tai tilata laskun.<\/p>\n\n\n\n<div id=\"section-g-3hptqcs\" class=\"wp-block-gutentor-e7 section-g-3hptqcs gutentor-element gutentor-element-list text-align-center-desktop text-align-left-tablet text-align-center-mobile front-price-section\"><ul class=\"grid-row gutentor-grid-item-wrap gutentor-disable-list-style\"><li class=\"gutentor-list-item grid-lg-3 grid-md-3 grid-6\"><span class=\"gutentor-single-item gutentor-single-item-0\"><a class=\"gutentor-single-item-title-link\" href=\"https:\/\/hyvajoulumieli.fi\/lahjoitalomake_mika\/?tila=lahjoita&amp;kieli=en&amp;summavalittu=1&amp;lahjoitussumma=500\" target=\"_blank\" rel=\"noopener noreferrer\"><span class=\"gutentor-list-item-wrap g-s-list-wrap\"><span class=\"gutentor-list-item\"><p class=\"gutentor-single-item-title\">500\u20ac<\/p><\/span><\/span><\/a><\/span><\/li><li class=\"gutentor-list-item grid-lg-3 grid-md-3 grid-6\"><span class=\"gutentor-single-item gutentor-single-item-1\"><a class=\"gutentor-single-item-title-link\" href=\"https:\/\/hyvajoulumieli.fi\/lahjoitalomake\/?tila=lahjoita&amp;summavalittu=1&amp;lahjoitussumma=1000\" target=\"_blank\" rel=\"noopener noreferrer\"><span class=\"gutentor-list-item-wrap g-s-list-wrap\"><span class=\"gutentor-list-item\"><p class=\"gutentor-single-item-title\">1000\u20ac<\/p><\/span><\/span><\/a><\/span><\/li><li class=\"gutentor-list-item grid-lg-3 grid-md-3 grid-6\"><span class=\"gutentor-single-item gutentor-single-item-2\"><a class=\"gutentor-single-item-title-link\" href=\"https:\/\/hyvajoulumieli.fi\/lahjoitalomake_mika\/?tila=lahjoita&amp;kieli=en&amp;summavalittu=1&amp;lahjoitussumma=1500\" target=\"_blank\" rel=\"noopener noreferrer\"><span class=\"gutentor-list-item-wrap g-s-list-wrap\"><span class=\"gutentor-list-item\"><p class=\"gutentor-single-item-title\">1500\u20ac<\/p><\/span><\/span><\/a><\/span><\/li><li class=\"gutentor-list-item grid-lg-3 grid-md-3 grid-6\"><span class=\"gutentor-single-item gutentor-single-item-3\"><a class=\"gutentor-single-item-title-link\" href=\"https:\/\/hyvajoulumieli.fi\/lahjoitalomake\/?tila=lahjoita\" target=\"_blank\" rel=\"noopener noreferrer\"><span class=\"gutentor-list-item-wrap g-s-list-wrap\"><span class=\"gutentor-list-item\"><p class=\"gutentor-single-item-title\">Muu summa<\/p><\/span><\/span><\/a><\/span><\/li><\/ul><\/div>\n\n\n\n<p><strong>Mik\u00e4li tarvitsette yll\u00e4 olevien painikkeiden kautta tilaamanne laskun kirjanpitoonne, voit tulostaa laskun tai tallentaa sen PDF-tiedostona laskun sivuilta &#8220;L\u00e4het\u00e4&#8221;-painikkeen painamisen j\u00e4lkeen.<\/strong><\/p>\n\n\n\n<p>Mik\u00e4li tarvitsette laskulle tilausviitett\u00e4 tai teill\u00e4 on jotain muita erityisi\u00e4 toiveita laskun suhteen, olkaa s\u00e4hk\u00f6postitse yhteydess\u00e4: hyvajoulumieli(a)mll.fi.<\/p>\n\n\n\n<section id=\"g-21uu14i\" class=\"section-g-21uu14i gutentor-module gutentor-module-accordion\"><div class=\"grid-container\">\n<div id=\"g-c7og7l7\" class=\"wp-block-gutentor-m6-item section-g-c7og7l7 gutentor-module gutentor-module-accordion-item\"><div class=\"gutentor-module-accordion-panel g-a-panel-g-21uu14i\"><div class=\"gm-ah-g-21uu14i gutentor-module-accordion-item-heading gutentor-module-icon-position-right\"><span class=\"gutentor-module-accordion-panel-handler\" role=\"button\"><span class=\"gutentor-module-accordion-panel-handler-label\">Maksujen ja tietojen k\u00e4sittely<\/span><span class=\"gutentor-module-accordion-icon\"><i class=\"gm-aio-g-21uu14i gutentor-module-accordion-icon-open fas fa-plus\"><\/i><i class=\"gm-aic-g-21uu14i gutentor-module-accordion-icon-close fas fa-minus\"><\/i><\/span><\/span><\/div><div class=\"gm-ab-g-21uu14i gutentor-module-accordion-body\">\n<div id=\"section-g-7623eg7\" class=\"wp-block-gutentor-e0 section-g-7623eg7 gutentor-element gutentor-element-advanced-text\"><div class=\"gutentor-text-wrap\"><p class=\"gutentor-text\">Verkkomaksujemme operoijina toimivat Svea Payments ja Securycast. Yll\u00e4olevien paineikkeiden kautta tehdyt lahjoitukset v\u00e4littyv\u00e4t ensin heid\u00e4n j\u00e4rjestelm\u00e4\u00e4ns\u00e4 ja siirtyv\u00e4t sielt\u00e4 Hyv\u00e4 Joulumieli -ker\u00e4ykselle.<br><br>Yhteystiedot tallennetaan Suomen Punaisen Ristin yll\u00e4pit\u00e4m\u00e4\u00e4n Hyv\u00e4 Joulumieli yritysyhteyshenkil\u00f6rekisteriin eik\u00e4 tietoja luovuteta edelleen. Tiedot k\u00e4ytet\u00e4\u00e4n vain Hyv\u00e4 Joulumieli -ker\u00e4yksen yhteydenpidossa. <a href=\"https:\/\/hyvajoulumieli.fi\/hyva-joulumieli-tietosuoja\/\">Tutustu tietosuojaselosteeseen.<\/a><\/p><\/div><\/div>\n<\/div><\/div><\/div>\n<\/div><\/section>\n\n\n\n<p><\/p>\n\n\n\n<h3 class=\"wp-block-heading\">Maksa suoraan tilille<\/h3>\n\n\n\n<div id=\"section-g-yddw17j\" class=\"wp-block-gutentor-e0 section-g-yddw17j gutentor-element gutentor-element-advanced-text\"><div class=\"gutentor-text-wrap\"><p class=\"gutentor-text\">Voitte my\u00f6s maksaa lahjoituksenne suoraan Hyv\u00e4 Joulumieli -ker\u00e4yksen tilille IBAN FI33 5780 4120 0801 60 (BIC OKOYFIHH) viitteell\u00e4: 5429. <br><br>Lahjoitukset kirjautuvat j\u00e4rjestelm\u00e4\u00e4mme 1-3 arkip\u00e4iv\u00e4n viiveell\u00e4.<\/p><\/div><\/div>\n\n\n\n<div id=\"section-g-ij8o6u1\" class=\"wp-block-gutentor-e1 section-g-ij8o6u1 gutentor-element gutentor-element-advanced-text\"><div class=\"gutentor-text-wrap\"><h2 class=\"gutentor-text\">Viestint\u00e4paketti ja n\u00e4kyvyytt\u00e4 yrityksellesi<\/h2><\/div><\/div>\n\n\n\n<div id=\"section-g-tllyvng\" class=\"wp-block-gutentor-e0 section-g-tllyvng gutentor-element gutentor-element-advanced-text\"><div class=\"gutentor-text-wrap\"><p class=\"gutentor-text\">Kaikki Hyv\u00e4 Joulumieli -ker\u00e4ykseen lahjoittaneet yritykset tai organisaatiot saavat k\u00e4ytt\u00f6\u00f6ns\u00e4 viestint\u00e4paketin, jolla voi kertoa osallistumisestaan ker\u00e4ykseen. <br><br>Suoraan tilille lahjoittaneita yrityksi\u00e4 pyydet\u00e4\u00e4n ilmoittamaan yhteystietonsa osoitteeseen&nbsp;<strong>hyvajoulumieli(a)mll.fi<\/strong>&nbsp;materiaalien l\u00e4hetyst\u00e4 varten.<br><br><strong>Alle 1 500 euroa (1\u20131 499 euroa) lahjoittaneet yritykset saavat k\u00e4ytt\u00f6\u00f6ns\u00e4:<\/strong><\/p><\/div><\/div>\n\n\n\n<div id=\"section-g-lzzl9b8\" class=\"wp-block-gutentor-e7 section-g-lzzl9b8 gutentor-element gutentor-element-list\"><ul class=\"grid-row gutentor-grid-item-wrap list-indicator-icon\"><li class=\"gutentor-list-item grid-lg-12 grid-md-12 grid-12\"><span class=\"gutentor-single-item gutentor-single-item-0\"><span class=\"gutentor-list-item-wrap g-s-list-wrap\"><span class=\"gutentor-single-list-item-icon\"><i class=\"list-item-icon fas fa-check\"><\/i><\/span><span class=\"gutentor-list-item\"><p class=\"gutentor-single-item-title\">Mukana Hyv\u00e4 Joulumieli -ker\u00e4yksess\u00e4 -kuvia yrityksen omissa somekanavissa k\u00e4ytett\u00e4viksi<\/p><\/span><\/span><\/span><\/li><li class=\"gutentor-list-item grid-lg-12 grid-md-12 grid-12\"><span class=\"gutentor-single-item gutentor-single-item-1\"><span class=\"gutentor-list-item-wrap g-s-list-wrap\"><span class=\"gutentor-single-list-item-icon\"><i class=\"list-item-icon fas fa-check\"><\/i><\/span><span class=\"gutentor-list-item\"><p class=\"gutentor-single-item-title\">Mukana Hyv\u00e4 Joulumieli -ker\u00e4yksess\u00e4 -s\u00e4hk\u00f6postiallekirjoituksen<\/p><\/span><\/span><\/span><\/li><li class=\"gutentor-list-item grid-lg-12 grid-md-12 grid-12\"><span class=\"gutentor-single-item gutentor-single-item-2\"><span class=\"gutentor-list-item-wrap g-s-list-wrap\"><span class=\"gutentor-single-list-item-icon\"><i class=\"list-item-icon fas fa-check\"><\/i><\/span><span class=\"gutentor-list-item\"><p class=\"gutentor-single-item-title\">Yrityksen nimen <a href=\"https:\/\/hyvajoulumieli.fi\/lahjoituksen-tehneet-yritykset\/\">Hyv\u00e4 Joulumieli -verkkosivuille<\/a><\/p><\/span><\/span><\/span><\/li><\/ul><\/div>\n\n\n\n<div id=\"section-g-44ppie7\" class=\"wp-block-gutentor-e0 section-g-44ppie7 gutentor-element gutentor-element-advanced-text\"><div class=\"gutentor-text-wrap\"><p class=\"gutentor-text\"><strong>Yli 1 500 euroa lahjoittaneet yritykset saavat k\u00e4ytt\u00f6\u00f6ns\u00e4 kaikki yll\u00e4olevat viestint\u00e4materiaalit ja lis\u00e4ks<\/strong>i<\/p><\/div><\/div>\n\n\n\n<div id=\"section-g-lzzl9b8\" class=\"wp-block-gutentor-e7 section-g-lzzl9b8 gutentor-element gutentor-element-list\"><ul class=\"grid-row gutentor-grid-item-wrap list-indicator-icon\"><li class=\"gutentor-list-item grid-lg-12 grid-md-12 grid-12\"><span class=\"gutentor-single-item gutentor-single-item-0\"><span class=\"gutentor-list-item-wrap g-s-list-wrap\"><span class=\"gutentor-single-list-item-icon\"><i class=\"list-item-icon fas fa-check\"><\/i><\/span><span class=\"gutentor-list-item\"><p class=\"gutentor-single-item-title\">Nimens\u00e4 Iltalehden kiitosilmoitukseen sek\u00e4 Hufvudstadsbladetin ilmoitukseen 23.12. <\/p><\/span><\/span><\/span><\/li><li class=\"gutentor-list-item grid-lg-12 grid-md-12 grid-12\"><span class=\"gutentor-single-item gutentor-single-item-1\"><span class=\"gutentor-list-item-wrap g-s-list-wrap\"><span class=\"gutentor-single-list-item-icon\"><i class=\"list-item-icon fas fa-check\"><\/i><\/span><span class=\"gutentor-list-item\"><p class=\"gutentor-single-item-title\">Tulostettavan kiitoskirjeen lahjoituksesta MLL:n ja SPR:n p\u00e4\u00e4sihteerien allekirjoituksella esimerkiksi henkil\u00f6kunnan tiloihin<\/p><\/span><\/span><\/span><\/li><\/ul><\/div>\n\n\n\n<p>Lahjoittaneet yritykset saavat n\u00e4kyvyytt\u00e4 my\u00f6s kampanjan sometileill\u00e4 <a href=\"https:\/\/www.facebook.com\/hyvajoulumieli\/\">Facebookissa<\/a>, <a href=\"https:\/\/www.instagram.com\/hyvajoulumieli\/\">Instagramissa<\/a> ja <a href=\"https:\/\/twitter.com\/hyvajoulumieli\">X:ss\u00e4<\/a>.<\/p>\n\n\n\n<p>Somessa k\u00e4ytet\u00e4\u00e4n hashtageja #Hyv\u00e4Joulumieli #HyvaJoulumieli #Hyv\u00e4Joulumieli2025 #Hyv\u00e4JoulumieliKer\u00e4ys #JulISinnet<\/p>\n\n\n\n<div id=\"section-g-j4j8e4i\" class=\"wp-block-gutentor-e1 section-g-j4j8e4i gutentor-element gutentor-element-advanced-text\"><div class=\"gutentor-text-wrap\"><h2 class=\"gutentor-text\">Haasta yhteisty\u00f6kumppanit mukaan ker\u00e4ykseen<\/h2><\/div><\/div>\n\n\n\n<div id=\"section-g-1r3jsm1\" class=\"wp-block-gutentor-e0 section-g-1r3jsm1 gutentor-element gutentor-element-advanced-text\"><div class=\"gutentor-text-wrap\"><p class=\"gutentor-text\">Ker\u00e4ystavoite on suuri ja kaikkien apua tarvitaan. Verkon kautta lahjoittaneet yritykset voivat k\u00e4tev\u00e4sti haastaa my\u00f6s yhteisty\u00f6kumppanit mukaan ker\u00e4ykseen. Muutkin saavat mielell\u00e4\u00e4n haastaa yhteisty\u00f6kumppaneita mukaan kampanjaan omia kanavia pitkin.<br><br>Yhdess\u00e4 voimme levitt\u00e4\u00e4 hyv\u00e4\u00e4 joulumielt\u00e4 kotimaan v\u00e4h\u00e4varaisille lapsiperheille!<br><\/p><\/div><\/div>\n<\/div><\/div>\n<\/div><\/div><\/section>\n<\/div><\/section>\n","protected":false},"excerpt":{"rendered":"","protected":false},"author":1,"featured_media":0,"parent":0,"menu_order":0,"comment_status":"closed","ping_status":"closed","template":"","meta":{"_acf_changed":false,"_monsterinsights_skip_tracking":false,"_monsterinsights_sitenote_active":false,"_monsterinsights_sitenote_note":"","_monsterinsights_sitenote_category":0,"footnotes":""},"class_list":["post-5293","page","type-page","status-publish"],"acf":[],"yoast_head":"<!-- This site is optimized with the Yoast SEO plugin v27.3 - https:\/\/yoast.com\/product\/yoast-seo-wordpress\/ -->\n<title>Yrityslahjoitukset - testi eng - Hyv\u00e4 Joulumieli -ker\u00e4ys<\/title>\n<meta name=\"robots\" content=\"index, follow, max-snippet:-1, max-image-preview:large, max-video-preview:-1\" \/>\n<link rel=\"canonical\" href=\"https:\/\/hyvajoulumieli.fi\/en\/yrityslahjoitukset_mika-eng\/\" \/>\n<meta property=\"og:locale\" content=\"en_US\" \/>\n<meta property=\"og:type\" content=\"article\" \/>\n<meta property=\"og:title\" content=\"Yrityslahjoitukset - testi eng - Hyv\u00e4 Joulumieli -ker\u00e4ys\" \/>\n<meta property=\"og:url\" content=\"https:\/\/hyvajoulumieli.fi\/en\/yrityslahjoitukset_mika-eng\/\" \/>\n<meta property=\"og:site_name\" content=\"Hyv\u00e4 Joulumieli -ker\u00e4ys\" \/>\n<meta property=\"article:publisher\" content=\"https:\/\/www.facebook.com\/hyvajoulumieli\/\" \/>\n<meta property=\"article:modified_time\" content=\"2025-10-27T13:58:27+00:00\" \/>\n<meta name=\"twitter:card\" content=\"summary_large_image\" \/>\n<meta name=\"twitter:site\" content=\"@hyvajoulumieli\" \/>\n<meta name=\"twitter:label1\" content=\"Est. reading time\" \/>\n\t<meta name=\"twitter:data1\" content=\"2 minutes\" \/>\n<script type=\"application\/ld+json\" class=\"yoast-schema-graph\">{\"@context\":\"https:\\\/\\\/schema.org\",\"@graph\":[{\"@type\":\"WebPage\",\"@id\":\"https:\\\/\\\/hyvajoulumieli.fi\\\/en\\\/yrityslahjoitukset_mika-eng\\\/\",\"url\":\"https:\\\/\\\/hyvajoulumieli.fi\\\/en\\\/yrityslahjoitukset_mika-eng\\\/\",\"name\":\"Yrityslahjoitukset - testi eng - Hyv\u00e4 Joulumieli -ker\u00e4ys\",\"isPartOf\":{\"@id\":\"https:\\\/\\\/hyvajoulumieli.fi\\\/#website\"},\"datePublished\":\"2025-10-27T13:50:09+00:00\",\"dateModified\":\"2025-10-27T13:58:27+00:00\",\"breadcrumb\":{\"@id\":\"https:\\\/\\\/hyvajoulumieli.fi\\\/en\\\/yrityslahjoitukset_mika-eng\\\/#breadcrumb\"},\"inLanguage\":\"en-US\",\"potentialAction\":[{\"@type\":\"ReadAction\",\"target\":[\"https:\\\/\\\/hyvajoulumieli.fi\\\/en\\\/yrityslahjoitukset_mika-eng\\\/\"]}]},{\"@type\":\"BreadcrumbList\",\"@id\":\"https:\\\/\\\/hyvajoulumieli.fi\\\/en\\\/yrityslahjoitukset_mika-eng\\\/#breadcrumb\",\"itemListElement\":[{\"@type\":\"ListItem\",\"position\":1,\"name\":\"Etusivu\",\"item\":\"https:\\\/\\\/hyvajoulumieli.fi\\\/en\\\/\"},{\"@type\":\"ListItem\",\"position\":2,\"name\":\"Yrityslahjoitukset &#8211; testi eng\"}]},{\"@type\":\"WebSite\",\"@id\":\"https:\\\/\\\/hyvajoulumieli.fi\\\/#website\",\"url\":\"https:\\\/\\\/hyvajoulumieli.fi\\\/\",\"name\":\"Hyv\u00e4 Joulumieli -ker\u00e4ys\",\"description\":\"Lahjoituksellasi autat v\u00e4h\u00e4varaisia lapsiperheit\u00e4. Sinun avullasi voimme jakaa ruokalahjakortteja apua tarvitseville perheille Suomessa. Hyv\u00e4 Joulumieli -lahjoitus tuo joulun.\",\"publisher\":{\"@id\":\"https:\\\/\\\/hyvajoulumieli.fi\\\/#organization\"},\"potentialAction\":[{\"@type\":\"SearchAction\",\"target\":{\"@type\":\"EntryPoint\",\"urlTemplate\":\"https:\\\/\\\/hyvajoulumieli.fi\\\/?s={search_term_string}\"},\"query-input\":{\"@type\":\"PropertyValueSpecification\",\"valueRequired\":true,\"valueName\":\"search_term_string\"}}],\"inLanguage\":\"en-US\"},{\"@type\":\"Organization\",\"@id\":\"https:\\\/\\\/hyvajoulumieli.fi\\\/#organization\",\"name\":\"Hyv\u00e4 Joulumieli -ker\u00e4ys\",\"url\":\"https:\\\/\\\/hyvajoulumieli.fi\\\/\",\"logo\":{\"@type\":\"ImageObject\",\"inLanguage\":\"en-US\",\"@id\":\"https:\\\/\\\/hyvajoulumieli.fi\\\/#\\\/schema\\\/logo\\\/image\\\/\",\"url\":\"https:\\\/\\\/hyvajoulumieli.fi\\\/wp-content\\\/uploads\\\/2024\\\/09\\\/Hyvajoulumieli_logo_valkoinen-tausta.png\",\"contentUrl\":\"https:\\\/\\\/hyvajoulumieli.fi\\\/wp-content\\\/uploads\\\/2024\\\/09\\\/Hyvajoulumieli_logo_valkoinen-tausta.png\",\"width\":295,\"height\":113,\"caption\":\"Hyv\u00e4 Joulumieli -ker\u00e4ys\"},\"image\":{\"@id\":\"https:\\\/\\\/hyvajoulumieli.fi\\\/#\\\/schema\\\/logo\\\/image\\\/\"},\"sameAs\":[\"https:\\\/\\\/www.facebook.com\\\/hyvajoulumieli\\\/\",\"https:\\\/\\\/x.com\\\/hyvajoulumieli\",\"http:\\\/\\\/@hyvajoulumieli\"]}]}<\/script>\n<!-- \/ Yoast SEO plugin. -->","yoast_head_json":{"title":"Yrityslahjoitukset - testi eng - Hyv\u00e4 Joulumieli -ker\u00e4ys","robots":{"index":"index","follow":"follow","max-snippet":"max-snippet:-1","max-image-preview":"max-image-preview:large","max-video-preview":"max-video-preview:-1"},"canonical":"https:\/\/hyvajoulumieli.fi\/en\/yrityslahjoitukset_mika-eng\/","og_locale":"en_US","og_type":"article","og_title":"Yrityslahjoitukset - testi eng - Hyv\u00e4 Joulumieli -ker\u00e4ys","og_url":"https:\/\/hyvajoulumieli.fi\/en\/yrityslahjoitukset_mika-eng\/","og_site_name":"Hyv\u00e4 Joulumieli -ker\u00e4ys","article_publisher":"https:\/\/www.facebook.com\/hyvajoulumieli\/","article_modified_time":"2025-10-27T13:58:27+00:00","twitter_card":"summary_large_image","twitter_site":"@hyvajoulumieli","twitter_misc":{"Est. reading time":"2 minutes"},"schema":{"@context":"https:\/\/schema.org","@graph":[{"@type":"WebPage","@id":"https:\/\/hyvajoulumieli.fi\/en\/yrityslahjoitukset_mika-eng\/","url":"https:\/\/hyvajoulumieli.fi\/en\/yrityslahjoitukset_mika-eng\/","name":"Yrityslahjoitukset - testi eng - Hyv\u00e4 Joulumieli -ker\u00e4ys","isPartOf":{"@id":"https:\/\/hyvajoulumieli.fi\/#website"},"datePublished":"2025-10-27T13:50:09+00:00","dateModified":"2025-10-27T13:58:27+00:00","breadcrumb":{"@id":"https:\/\/hyvajoulumieli.fi\/en\/yrityslahjoitukset_mika-eng\/#breadcrumb"},"inLanguage":"en-US","potentialAction":[{"@type":"ReadAction","target":["https:\/\/hyvajoulumieli.fi\/en\/yrityslahjoitukset_mika-eng\/"]}]},{"@type":"BreadcrumbList","@id":"https:\/\/hyvajoulumieli.fi\/en\/yrityslahjoitukset_mika-eng\/#breadcrumb","itemListElement":[{"@type":"ListItem","position":1,"name":"Etusivu","item":"https:\/\/hyvajoulumieli.fi\/en\/"},{"@type":"ListItem","position":2,"name":"Yrityslahjoitukset &#8211; testi eng"}]},{"@type":"WebSite","@id":"https:\/\/hyvajoulumieli.fi\/#website","url":"https:\/\/hyvajoulumieli.fi\/","name":"Hyv\u00e4 Joulumieli -ker\u00e4ys","description":"Lahjoituksellasi autat v\u00e4h\u00e4varaisia lapsiperheit\u00e4. Sinun avullasi voimme jakaa ruokalahjakortteja apua tarvitseville perheille Suomessa. Hyv\u00e4 Joulumieli -lahjoitus tuo joulun.","publisher":{"@id":"https:\/\/hyvajoulumieli.fi\/#organization"},"potentialAction":[{"@type":"SearchAction","target":{"@type":"EntryPoint","urlTemplate":"https:\/\/hyvajoulumieli.fi\/?s={search_term_string}"},"query-input":{"@type":"PropertyValueSpecification","valueRequired":true,"valueName":"search_term_string"}}],"inLanguage":"en-US"},{"@type":"Organization","@id":"https:\/\/hyvajoulumieli.fi\/#organization","name":"Hyv\u00e4 Joulumieli -ker\u00e4ys","url":"https:\/\/hyvajoulumieli.fi\/","logo":{"@type":"ImageObject","inLanguage":"en-US","@id":"https:\/\/hyvajoulumieli.fi\/#\/schema\/logo\/image\/","url":"https:\/\/hyvajoulumieli.fi\/wp-content\/uploads\/2024\/09\/Hyvajoulumieli_logo_valkoinen-tausta.png","contentUrl":"https:\/\/hyvajoulumieli.fi\/wp-content\/uploads\/2024\/09\/Hyvajoulumieli_logo_valkoinen-tausta.png","width":295,"height":113,"caption":"Hyv\u00e4 Joulumieli -ker\u00e4ys"},"image":{"@id":"https:\/\/hyvajoulumieli.fi\/#\/schema\/logo\/image\/"},"sameAs":["https:\/\/www.facebook.com\/hyvajoulumieli\/","https:\/\/x.com\/hyvajoulumieli","http:\/\/@hyvajoulumieli"]}]}},"_links":{"self":[{"href":"https:\/\/hyvajoulumieli.fi\/en\/wp-json\/wp\/v2\/pages\/5293","targetHints":{"allow":["GET"]}}],"collection":[{"href":"https:\/\/hyvajoulumieli.fi\/en\/wp-json\/wp\/v2\/pages"}],"about":[{"href":"https:\/\/hyvajoulumieli.fi\/en\/wp-json\/wp\/v2\/types\/page"}],"author":[{"embeddable":true,"href":"https:\/\/hyvajoulumieli.fi\/en\/wp-json\/wp\/v2\/users\/1"}],"replies":[{"embeddable":true,"href":"https:\/\/hyvajoulumieli.fi\/en\/wp-json\/wp\/v2\/comments?post=5293"}],"version-history":[{"count":4,"href":"https:\/\/hyvajoulumieli.fi\/en\/wp-json\/wp\/v2\/pages\/5293\/revisions"}],"predecessor-version":[{"id":5303,"href":"https:\/\/hyvajoulumieli.fi\/en\/wp-json\/wp\/v2\/pages\/5293\/revisions\/5303"}],"wp:attachment":[{"href":"https:\/\/hyvajoulumieli.fi\/en\/wp-json\/wp\/v2\/media?parent=5293"}],"curies":[{"name":"wp","href":"https:\/\/api.w.org\/{rel}","templated":true}]}}