{"id":57,"date":"2016-09-15T15:12:55","date_gmt":"2016-09-15T12:12:55","guid":{"rendered":"http:\/\/uusi.hyvajoulumieli.fi\/kiitos-lahjoituksestasi_maksu\/?lang=en"},"modified":"2023-04-21T12:28:08","modified_gmt":"2023-04-21T09:28:08","slug":"thank-you-for-your-donation_donation1000","status":"publish","type":"page","link":"https:\/\/hyvajoulumieli.fi\/en\/lahjoita\/thank-you-for-your-donation_donation1000\/","title":{"rendered":"Thank you for your donation!"},"content":{"rendered":"<p>All those who give at least 1000 \u20ac to the campaign, get access to \u201cWe support the Christmas Spirit Campaign\u201d -banners. There are banners in different sizes and you can download them in different languages. The banners are only to be used by the organization that has donated the required sum, on their website or in other electronic communication.<\/p>\n<p><a href=\"https:\/\/www.punainenristi.fi\/materiaali\/hyva-joulumieli-2018-kampanjabannerit\" target=\"_blank\" rel=\"noopener noreferrer\">Banners in English\/Finnish\/Swedish<\/a><\/p>\n\n<div class=\"wpcf7 no-js\" id=\"wpcf7-f386-o1\" lang=\"fi\" dir=\"ltr\" data-wpcf7-id=\"386\">\n<div class=\"screen-reader-response\"><p role=\"status\" aria-live=\"polite\" aria-atomic=\"true\"><\/p> <ul><\/ul><\/div>\n<form action=\"\/en\/wp-json\/wp\/v2\/pages\/57#wpcf7-f386-o1\" method=\"post\" class=\"wpcf7-form init\" aria-label=\"Yhteydenottolomake\" novalidate=\"novalidate\" data-status=\"init\">\n<fieldset class=\"hidden-fields-container\"><input type=\"hidden\" name=\"_wpcf7\" value=\"386\" \/><input type=\"hidden\" name=\"_wpcf7_version\" value=\"6.1.5\" \/><input type=\"hidden\" name=\"_wpcf7_locale\" value=\"fi\" \/><input type=\"hidden\" name=\"_wpcf7_unit_tag\" value=\"wpcf7-f386-o1\" \/><input type=\"hidden\" name=\"_wpcf7_container_post\" value=\"0\" \/><input type=\"hidden\" name=\"_wpcf7_posted_data_hash\" value=\"\" \/><input type=\"hidden\" name=\"_wpcf7_recaptcha_response\" value=\"\" \/>\n<\/fieldset>\n<h3>Challenge friends and business partners to take part in the campaign!\n<\/h3>\n<p><label> Your company<br \/>\n<span class=\"wpcf7-form-control-wrap\" data-name=\"your-name\"><input size=\"40\" maxlength=\"400\" class=\"wpcf7-form-control wpcf7-text wpcf7-validates-as-required\" aria-required=\"true\" aria-invalid=\"false\" value=\"\" type=\"text\" name=\"your-name\" \/><\/span> <\/label>\n<\/p>\n<p><label> Who do you want to challenge (email)<br \/>\n<span class=\"wpcf7-form-control-wrap\" data-name=\"your-email\"><input size=\"40\" maxlength=\"400\" class=\"wpcf7-form-control wpcf7-email wpcf7-validates-as-required wpcf7-text wpcf7-validates-as-email\" aria-required=\"true\" aria-invalid=\"false\" value=\"\" type=\"email\" name=\"your-email\" \/><\/span> <\/label>\n<\/p>\n<p><input class=\"wpcf7-form-control wpcf7-submit has-spinner\" type=\"submit\" value=\"Send\" \/>\n<\/p><div class=\"wpcf7-response-output\" aria-hidden=\"true\"><\/div>\n<\/form>\n<\/div>\n\n","protected":false},"excerpt":{"rendered":"<p>All those who give at least 1000 \u20ac to the campaign, get access to \u201cWe support the Christmas Spirit Campaign\u201d -banners. There are banners in different sizes and you can download them in different languages. The banners are only to be used by the organization that has donated the required sum, on their website or &#8230; <a title=\"Thank you for your donation!\" class=\"read-more\" href=\"https:\/\/hyvajoulumieli.fi\/en\/lahjoita\/thank-you-for-your-donation_donation1000\/\" aria-label=\"Read more about Thank you for your donation!\">Read more<\/a><\/p>\n","protected":false},"author":1,"featured_media":0,"parent":76,"menu_order":19,"comment_status":"closed","ping_status":"closed","template":"","meta":{"_acf_changed":false,"_monsterinsights_skip_tracking":false,"_monsterinsights_sitenote_active":false,"_monsterinsights_sitenote_note":"","_monsterinsights_sitenote_category":0,"footnotes":""},"class_list":["post-57","page","type-page","status-publish"],"acf":[],"yoast_head":"<!-- This site is optimized with the Yoast SEO plugin v27.4 - https:\/\/yoast.com\/product\/yoast-seo-wordpress\/ -->\n<title>Thank you for your donation! - Hyv\u00e4 Joulumieli -ker\u00e4ys<\/title>\n<meta name=\"robots\" content=\"index, follow, max-snippet:-1, max-image-preview:large, max-video-preview:-1\" \/>\n<link rel=\"canonical\" href=\"https:\/\/hyvajoulumieli.fi\/en\/lahjoita\/thank-you-for-your-donation_donation1000\/\" \/>\n<meta property=\"og:locale\" content=\"en_US\" \/>\n<meta property=\"og:type\" content=\"article\" \/>\n<meta property=\"og:title\" content=\"Thank you for your donation! - Hyv\u00e4 Joulumieli -ker\u00e4ys\" \/>\n<meta property=\"og:description\" content=\"All those who give at least 1000 \u20ac to the campaign, get access to \u201cWe support the Christmas Spirit Campaign\u201d -banners. There are banners in different sizes and you can download them in different languages. The banners are only to be used by the organization that has donated the required sum, on their website or ... Read more\" \/>\n<meta property=\"og:url\" content=\"https:\/\/hyvajoulumieli.fi\/en\/lahjoita\/thank-you-for-your-donation_donation1000\/\" \/>\n<meta property=\"og:site_name\" content=\"Hyv\u00e4 Joulumieli -ker\u00e4ys\" \/>\n<meta property=\"article:publisher\" content=\"https:\/\/www.facebook.com\/hyvajoulumieli\/\" \/>\n<meta property=\"article:modified_time\" content=\"2023-04-21T09:28:08+00:00\" \/>\n<meta name=\"twitter:card\" content=\"summary_large_image\" \/>\n<meta name=\"twitter:site\" content=\"@hyvajoulumieli\" \/>\n<meta name=\"twitter:label1\" content=\"Est. reading time\" \/>\n\t<meta name=\"twitter:data1\" content=\"1 minute\" \/>\n<script type=\"application\/ld+json\" class=\"yoast-schema-graph\">{\"@context\":\"https:\\\/\\\/schema.org\",\"@graph\":[{\"@type\":\"WebPage\",\"@id\":\"https:\\\/\\\/hyvajoulumieli.fi\\\/en\\\/lahjoita\\\/thank-you-for-your-donation_donation1000\\\/\",\"url\":\"https:\\\/\\\/hyvajoulumieli.fi\\\/en\\\/lahjoita\\\/thank-you-for-your-donation_donation1000\\\/\",\"name\":\"Thank you for your donation! - Hyv\u00e4 Joulumieli -ker\u00e4ys\",\"isPartOf\":{\"@id\":\"https:\\\/\\\/hyvajoulumieli.fi\\\/#website\"},\"datePublished\":\"2016-09-15T12:12:55+00:00\",\"dateModified\":\"2023-04-21T09:28:08+00:00\",\"breadcrumb\":{\"@id\":\"https:\\\/\\\/hyvajoulumieli.fi\\\/en\\\/lahjoita\\\/thank-you-for-your-donation_donation1000\\\/#breadcrumb\"},\"inLanguage\":\"en-US\",\"potentialAction\":[{\"@type\":\"ReadAction\",\"target\":[\"https:\\\/\\\/hyvajoulumieli.fi\\\/en\\\/lahjoita\\\/thank-you-for-your-donation_donation1000\\\/\"]}]},{\"@type\":\"BreadcrumbList\",\"@id\":\"https:\\\/\\\/hyvajoulumieli.fi\\\/en\\\/lahjoita\\\/thank-you-for-your-donation_donation1000\\\/#breadcrumb\",\"itemListElement\":[{\"@type\":\"ListItem\",\"position\":1,\"name\":\"Etusivu\",\"item\":\"https:\\\/\\\/hyvajoulumieli.fi\\\/en\\\/\"},{\"@type\":\"ListItem\",\"position\":2,\"name\":\"Private donations\",\"item\":\"https:\\\/\\\/hyvajoulumieli.fi\\\/en\\\/lahjoita\\\/\"},{\"@type\":\"ListItem\",\"position\":3,\"name\":\"Thank you for your donation!\"}]},{\"@type\":\"WebSite\",\"@id\":\"https:\\\/\\\/hyvajoulumieli.fi\\\/#website\",\"url\":\"https:\\\/\\\/hyvajoulumieli.fi\\\/\",\"name\":\"Hyv\u00e4 Joulumieli -ker\u00e4ys\",\"description\":\"Lahjoituksellasi autat v\u00e4h\u00e4varaisia lapsiperheit\u00e4. Sinun avullasi voimme jakaa ruokalahjakortteja apua tarvitseville perheille Suomessa. Hyv\u00e4 Joulumieli -lahjoitus tuo joulun.\",\"publisher\":{\"@id\":\"https:\\\/\\\/hyvajoulumieli.fi\\\/#organization\"},\"potentialAction\":[{\"@type\":\"SearchAction\",\"target\":{\"@type\":\"EntryPoint\",\"urlTemplate\":\"https:\\\/\\\/hyvajoulumieli.fi\\\/?s={search_term_string}\"},\"query-input\":{\"@type\":\"PropertyValueSpecification\",\"valueRequired\":true,\"valueName\":\"search_term_string\"}}],\"inLanguage\":\"en-US\"},{\"@type\":\"Organization\",\"@id\":\"https:\\\/\\\/hyvajoulumieli.fi\\\/#organization\",\"name\":\"Hyv\u00e4 Joulumieli -ker\u00e4ys\",\"url\":\"https:\\\/\\\/hyvajoulumieli.fi\\\/\",\"logo\":{\"@type\":\"ImageObject\",\"inLanguage\":\"en-US\",\"@id\":\"https:\\\/\\\/hyvajoulumieli.fi\\\/#\\\/schema\\\/logo\\\/image\\\/\",\"url\":\"https:\\\/\\\/hyvajoulumieli.fi\\\/wp-content\\\/uploads\\\/2024\\\/09\\\/Hyvajoulumieli_logo_valkoinen-tausta.png\",\"contentUrl\":\"https:\\\/\\\/hyvajoulumieli.fi\\\/wp-content\\\/uploads\\\/2024\\\/09\\\/Hyvajoulumieli_logo_valkoinen-tausta.png\",\"width\":295,\"height\":113,\"caption\":\"Hyv\u00e4 Joulumieli -ker\u00e4ys\"},\"image\":{\"@id\":\"https:\\\/\\\/hyvajoulumieli.fi\\\/#\\\/schema\\\/logo\\\/image\\\/\"},\"sameAs\":[\"https:\\\/\\\/www.facebook.com\\\/hyvajoulumieli\\\/\",\"https:\\\/\\\/x.com\\\/hyvajoulumieli\",\"http:\\\/\\\/@hyvajoulumieli\"]}]}<\/script>\n<!-- \/ Yoast SEO plugin. -->","yoast_head_json":{"title":"Thank you for your donation! - Hyv\u00e4 Joulumieli -ker\u00e4ys","robots":{"index":"index","follow":"follow","max-snippet":"max-snippet:-1","max-image-preview":"max-image-preview:large","max-video-preview":"max-video-preview:-1"},"canonical":"https:\/\/hyvajoulumieli.fi\/en\/lahjoita\/thank-you-for-your-donation_donation1000\/","og_locale":"en_US","og_type":"article","og_title":"Thank you for your donation! - Hyv\u00e4 Joulumieli -ker\u00e4ys","og_description":"All those who give at least 1000 \u20ac to the campaign, get access to \u201cWe support the Christmas Spirit Campaign\u201d -banners. There are banners in different sizes and you can download them in different languages. The banners are only to be used by the organization that has donated the required sum, on their website or ... Read more","og_url":"https:\/\/hyvajoulumieli.fi\/en\/lahjoita\/thank-you-for-your-donation_donation1000\/","og_site_name":"Hyv\u00e4 Joulumieli -ker\u00e4ys","article_publisher":"https:\/\/www.facebook.com\/hyvajoulumieli\/","article_modified_time":"2023-04-21T09:28:08+00:00","twitter_card":"summary_large_image","twitter_site":"@hyvajoulumieli","twitter_misc":{"Est. reading time":"1 minute"},"schema":{"@context":"https:\/\/schema.org","@graph":[{"@type":"WebPage","@id":"https:\/\/hyvajoulumieli.fi\/en\/lahjoita\/thank-you-for-your-donation_donation1000\/","url":"https:\/\/hyvajoulumieli.fi\/en\/lahjoita\/thank-you-for-your-donation_donation1000\/","name":"Thank you for your donation! - Hyv\u00e4 Joulumieli -ker\u00e4ys","isPartOf":{"@id":"https:\/\/hyvajoulumieli.fi\/#website"},"datePublished":"2016-09-15T12:12:55+00:00","dateModified":"2023-04-21T09:28:08+00:00","breadcrumb":{"@id":"https:\/\/hyvajoulumieli.fi\/en\/lahjoita\/thank-you-for-your-donation_donation1000\/#breadcrumb"},"inLanguage":"en-US","potentialAction":[{"@type":"ReadAction","target":["https:\/\/hyvajoulumieli.fi\/en\/lahjoita\/thank-you-for-your-donation_donation1000\/"]}]},{"@type":"BreadcrumbList","@id":"https:\/\/hyvajoulumieli.fi\/en\/lahjoita\/thank-you-for-your-donation_donation1000\/#breadcrumb","itemListElement":[{"@type":"ListItem","position":1,"name":"Etusivu","item":"https:\/\/hyvajoulumieli.fi\/en\/"},{"@type":"ListItem","position":2,"name":"Private donations","item":"https:\/\/hyvajoulumieli.fi\/en\/lahjoita\/"},{"@type":"ListItem","position":3,"name":"Thank you for your donation!"}]},{"@type":"WebSite","@id":"https:\/\/hyvajoulumieli.fi\/#website","url":"https:\/\/hyvajoulumieli.fi\/","name":"Hyv\u00e4 Joulumieli -ker\u00e4ys","description":"Lahjoituksellasi autat v\u00e4h\u00e4varaisia lapsiperheit\u00e4. Sinun avullasi voimme jakaa ruokalahjakortteja apua tarvitseville perheille Suomessa. Hyv\u00e4 Joulumieli -lahjoitus tuo joulun.","publisher":{"@id":"https:\/\/hyvajoulumieli.fi\/#organization"},"potentialAction":[{"@type":"SearchAction","target":{"@type":"EntryPoint","urlTemplate":"https:\/\/hyvajoulumieli.fi\/?s={search_term_string}"},"query-input":{"@type":"PropertyValueSpecification","valueRequired":true,"valueName":"search_term_string"}}],"inLanguage":"en-US"},{"@type":"Organization","@id":"https:\/\/hyvajoulumieli.fi\/#organization","name":"Hyv\u00e4 Joulumieli -ker\u00e4ys","url":"https:\/\/hyvajoulumieli.fi\/","logo":{"@type":"ImageObject","inLanguage":"en-US","@id":"https:\/\/hyvajoulumieli.fi\/#\/schema\/logo\/image\/","url":"https:\/\/hyvajoulumieli.fi\/wp-content\/uploads\/2024\/09\/Hyvajoulumieli_logo_valkoinen-tausta.png","contentUrl":"https:\/\/hyvajoulumieli.fi\/wp-content\/uploads\/2024\/09\/Hyvajoulumieli_logo_valkoinen-tausta.png","width":295,"height":113,"caption":"Hyv\u00e4 Joulumieli -ker\u00e4ys"},"image":{"@id":"https:\/\/hyvajoulumieli.fi\/#\/schema\/logo\/image\/"},"sameAs":["https:\/\/www.facebook.com\/hyvajoulumieli\/","https:\/\/x.com\/hyvajoulumieli","http:\/\/@hyvajoulumieli"]}]}},"_links":{"self":[{"href":"https:\/\/hyvajoulumieli.fi\/en\/wp-json\/wp\/v2\/pages\/57","targetHints":{"allow":["GET"]}}],"collection":[{"href":"https:\/\/hyvajoulumieli.fi\/en\/wp-json\/wp\/v2\/pages"}],"about":[{"href":"https:\/\/hyvajoulumieli.fi\/en\/wp-json\/wp\/v2\/types\/page"}],"author":[{"embeddable":true,"href":"https:\/\/hyvajoulumieli.fi\/en\/wp-json\/wp\/v2\/users\/1"}],"replies":[{"embeddable":true,"href":"https:\/\/hyvajoulumieli.fi\/en\/wp-json\/wp\/v2\/comments?post=57"}],"version-history":[{"count":6,"href":"https:\/\/hyvajoulumieli.fi\/en\/wp-json\/wp\/v2\/pages\/57\/revisions"}],"predecessor-version":[{"id":1697,"href":"https:\/\/hyvajoulumieli.fi\/en\/wp-json\/wp\/v2\/pages\/57\/revisions\/1697"}],"up":[{"embeddable":true,"href":"https:\/\/hyvajoulumieli.fi\/en\/wp-json\/wp\/v2\/pages\/76"}],"wp:attachment":[{"href":"https:\/\/hyvajoulumieli.fi\/en\/wp-json\/wp\/v2\/media?parent=57"}],"curies":[{"name":"wp","href":"https:\/\/api.w.org\/{rel}","templated":true}]}}