{"id":69,"date":"2017-10-23T10:54:39","date_gmt":"2017-10-23T07:54:39","guid":{"rendered":"http:\/\/uusi.hyvajoulumieli.fi\/yrityslahjoitukset\/?lang=en"},"modified":"2025-10-09T08:26:52","modified_gmt":"2025-10-09T05:26:52","slug":"corporate-donations","status":"publish","type":"page","link":"https:\/\/hyvajoulumieli.fi\/en\/corporate-donations\/","title":{"rendered":"Corporate donations"},"content":{"rendered":"<p><!--<img loading=\"lazy\" decoding=\"async\" class=\"size-full wp-image-120 alignleft lazyload\" src=\"data:image\/gif;base64,R0lGODlhAQABAAAAACH5BAEKAAEALAAAAAABAAEAAAICTAEAOw==\" alt=\"Pyyd\u00e4mme yrityksi\u00e4 ja yksityishenkil\u00f6it\u00e4 olemaan julkaisematta kuvaa, ellei julkaisu liity Punaisen Ristin Hyv\u00e4 joulumieli -kampanjaan. SPR:ll\u00e4 on kuvaan t\u00e4ydet julkaisuoikeudet.\" width=\"750\" height=\"330\" data-src=\"http:\/\/uusi.hyvajoulumieli.fi\/wp-content\/uploads\/2016\/09\/Hyv\u00e4Joulumieli-cover-nettisivuille2.jpg\">--><\/p>\n<h2>How can my business donate to the campaign?<\/h2>\n<p>Choose a sum and pay online or print out an invoice for your company or organisation.<\/p>\n<p><a class=\"button\" href=\"\/lahjoitalomake\/?tila=lahjoita&amp;kieli=en&amp;summavalittu=1&amp;lahjoitussumma=500\">500 \u20ac<\/a> <a class=\"button\" href=\"\/lahjoitalomake\/?tila=lahjoita&amp;kieli=en&amp;summavalittu=1&amp;lahjoitussumma=1000\">1000 \u20ac<\/a> <a class=\"button\" href=\"\/lahjoitalomake\/?tila=lahjoita&amp;kieli=en&amp;summavalittu=1&amp;lahjoitussumma=1500\">1500 \u20ac<\/a> <a class=\"button\" href=\"\/lahjoitalomake\/?tila=lahjoita&amp;kieli=en\">Other sum<\/a><\/p>\n<p><em>Please note if you need the invoice as a print or saved as a PDF -file it is done on the page after you click &#8220;Send&#8221;.<\/em><\/p>\n<p>You can also make a donation by bank transfer: IBAN FI33 5780 4120 0801 60 (BIC OKOYFIHH), payment reference: 5429. Donation payments register to our system with a 1-3 bank days delay.<\/p>\n<p>If you need a purchase order number or other additional information on the invoice, please email us at hyvajoulumieli@mll.fi.<\/p>\n<p>Our online payment operators are Svea Payments and Securycast. Donations made using the above buttons will first be transmitted to the operators\u2019 systems from where they are transferred to the Good Holiday Spirit campaign account.<\/p>\n<h2><strong>Good Holiday Spirit publicity for your company<\/strong><\/h2>\n<p>All organisations donating to the Good Holiday Spirit campaign will receive a publicity kit that they can use to tell others about their donation. If you company made a donation by bank transfer, please contact us to give us your details at joulumieli(at)redcross.fi so we can send you the publicity kit.<\/p>\n<p><strong>Companies donating less than \u20ac1,500 (\u20ac0\u20131499) will receive:<\/strong><\/p>\n<ul>\n<li>Image materials (Proudly supporting the Good Holiday Spirit campaign) to share on social media.<\/li>\n<li>An e-mail signature template (Proud supporter of the Good Holiday Spirit campaign) for company emails.<\/li>\n<li>Your company name on the Good Holiday Spirit website.<\/li>\n<\/ul>\n<p><strong>Companies donating more than \u20ac1,500 will receive the above materials plus:<\/strong><\/p>\n<ul>\n<li>Their company name in the page thank you ad in <em>Iltalehti <\/em>and the page ad in <em>Hufvudstadsbladet<\/em> on the 23rd of December (all companies whose donations arrive by the 11th of December 2025).<\/li>\n<li>A printable thank you letter for the donation, signed by the secretary generals of the Mannerheim League of Child Welfare and the Finnish Red Cross that can for example be displayed at your office.<\/li>\n<\/ul>\n<h2><strong>Social media visibility<\/strong><\/h2>\n<p>The Good Holiday Spirit widely utilises the available social media channels to share news and updates about the campaign.<\/p>\n<p>On Facebook: www.facebook.com\/hyvajoulumieli<br \/>\nOn Twitter: @hyvajoulumieli<br \/>\nOn Instagram: @hyvajoulumieli<\/p>\n<p>The campaign hashtags are #Hyv\u00e4joulumieli #hyvajoulumieli #hyv\u00e4joulumieli2025 #hyv\u00e4joulumieliker\u00e4ys #julisinnet<\/p>\n<p>The channels will regularly share links to the Good Holiday Spirit fundraising pages, where the names of all donor companies will be posted.<\/p>\n<h2>Challenge your partners to join in the campaign<\/h2>\n<p>The target sum for the campaign is ambitious and we will need everyone\u2019s help to reach it. Companies donating through our website can easily send invitations and challenge their partners to join the campaign. You are also welcome to invite your partners through your own publicity channels.<\/p>\n<p>Help us help families in need and bring Good Holiday Spirit to all!<\/p>\n<p><a href=\"https:\/\/hyvajoulumieli.fi\/en\/money-collection-permits\/\">Collection permit<\/a><\/p>\n<p>The contact details of donor companies will be stored in the Good Holiday Spirit corporate partnership personal data file, maintained by the Finnish Red Cross, and will not be disclosed to third parties. <a href=\"https:\/\/www.redcross.fi\/dataprotection\">Further information<\/a>.<\/p>\n","protected":false},"excerpt":{"rendered":"<p>How can my business donate to the campaign? Choose a sum and pay online or print out an invoice for your company or organisation. 500 \u20ac 1000 \u20ac 1500 \u20ac Other sum Please note if you need the invoice as a print or saved as a PDF -file it is done on the page after &#8230; <a title=\"Corporate donations\" class=\"read-more\" href=\"https:\/\/hyvajoulumieli.fi\/en\/corporate-donations\/\" aria-label=\"Read more about Corporate donations\">Read more<\/a><\/p>\n","protected":false},"author":1,"featured_media":0,"parent":0,"menu_order":45,"comment_status":"closed","ping_status":"closed","template":"","meta":{"_acf_changed":false,"_monsterinsights_skip_tracking":false,"_monsterinsights_sitenote_active":false,"_monsterinsights_sitenote_note":"","_monsterinsights_sitenote_category":0,"footnotes":""},"class_list":["post-69","page","type-page","status-publish"],"acf":[],"yoast_head":"<!-- This site is optimized with the Yoast SEO plugin v27.3 - https:\/\/yoast.com\/product\/yoast-seo-wordpress\/ -->\n<title>Corporate donations - Hyv\u00e4 Joulumieli -ker\u00e4ys<\/title>\n<meta name=\"robots\" content=\"index, follow, max-snippet:-1, max-image-preview:large, max-video-preview:-1\" \/>\n<link rel=\"canonical\" href=\"https:\/\/hyvajoulumieli.fi\/en\/corporate-donations\/\" \/>\n<meta property=\"og:locale\" content=\"en_US\" \/>\n<meta property=\"og:type\" content=\"article\" \/>\n<meta property=\"og:title\" content=\"Corporate donations - Hyv\u00e4 Joulumieli -ker\u00e4ys\" \/>\n<meta property=\"og:description\" content=\"How can my business donate to the campaign? Choose a sum and pay online or print out an invoice for your company or organisation. 500 \u20ac 1000 \u20ac 1500 \u20ac Other sum Please note if you need the invoice as a print or saved as a PDF -file it is done on the page after ... Read more\" \/>\n<meta property=\"og:url\" content=\"https:\/\/hyvajoulumieli.fi\/en\/corporate-donations\/\" \/>\n<meta property=\"og:site_name\" content=\"Hyv\u00e4 Joulumieli -ker\u00e4ys\" \/>\n<meta property=\"article:publisher\" content=\"https:\/\/www.facebook.com\/hyvajoulumieli\/\" \/>\n<meta property=\"article:modified_time\" content=\"2025-10-09T05:26:52+00:00\" \/>\n<meta name=\"twitter:card\" content=\"summary_large_image\" \/>\n<meta name=\"twitter:site\" content=\"@hyvajoulumieli\" \/>\n<meta name=\"twitter:label1\" content=\"Est. reading time\" \/>\n\t<meta name=\"twitter:data1\" content=\"4 minutes\" \/>\n<script type=\"application\/ld+json\" class=\"yoast-schema-graph\">{\"@context\":\"https:\\\/\\\/schema.org\",\"@graph\":[{\"@type\":\"WebPage\",\"@id\":\"https:\\\/\\\/hyvajoulumieli.fi\\\/en\\\/corporate-donations\\\/\",\"url\":\"https:\\\/\\\/hyvajoulumieli.fi\\\/en\\\/corporate-donations\\\/\",\"name\":\"Corporate donations - Hyv\u00e4 Joulumieli -ker\u00e4ys\",\"isPartOf\":{\"@id\":\"https:\\\/\\\/hyvajoulumieli.fi\\\/#website\"},\"datePublished\":\"2017-10-23T07:54:39+00:00\",\"dateModified\":\"2025-10-09T05:26:52+00:00\",\"breadcrumb\":{\"@id\":\"https:\\\/\\\/hyvajoulumieli.fi\\\/en\\\/corporate-donations\\\/#breadcrumb\"},\"inLanguage\":\"en-US\",\"potentialAction\":[{\"@type\":\"ReadAction\",\"target\":[\"https:\\\/\\\/hyvajoulumieli.fi\\\/en\\\/corporate-donations\\\/\"]}]},{\"@type\":\"BreadcrumbList\",\"@id\":\"https:\\\/\\\/hyvajoulumieli.fi\\\/en\\\/corporate-donations\\\/#breadcrumb\",\"itemListElement\":[{\"@type\":\"ListItem\",\"position\":1,\"name\":\"Etusivu\",\"item\":\"https:\\\/\\\/hyvajoulumieli.fi\\\/en\\\/\"},{\"@type\":\"ListItem\",\"position\":2,\"name\":\"Corporate donations\"}]},{\"@type\":\"WebSite\",\"@id\":\"https:\\\/\\\/hyvajoulumieli.fi\\\/#website\",\"url\":\"https:\\\/\\\/hyvajoulumieli.fi\\\/\",\"name\":\"Hyv\u00e4 Joulumieli -ker\u00e4ys\",\"description\":\"Lahjoituksellasi autat v\u00e4h\u00e4varaisia lapsiperheit\u00e4. Sinun avullasi voimme jakaa ruokalahjakortteja apua tarvitseville perheille Suomessa. Hyv\u00e4 Joulumieli -lahjoitus tuo joulun.\",\"publisher\":{\"@id\":\"https:\\\/\\\/hyvajoulumieli.fi\\\/#organization\"},\"potentialAction\":[{\"@type\":\"SearchAction\",\"target\":{\"@type\":\"EntryPoint\",\"urlTemplate\":\"https:\\\/\\\/hyvajoulumieli.fi\\\/?s={search_term_string}\"},\"query-input\":{\"@type\":\"PropertyValueSpecification\",\"valueRequired\":true,\"valueName\":\"search_term_string\"}}],\"inLanguage\":\"en-US\"},{\"@type\":\"Organization\",\"@id\":\"https:\\\/\\\/hyvajoulumieli.fi\\\/#organization\",\"name\":\"Hyv\u00e4 Joulumieli -ker\u00e4ys\",\"url\":\"https:\\\/\\\/hyvajoulumieli.fi\\\/\",\"logo\":{\"@type\":\"ImageObject\",\"inLanguage\":\"en-US\",\"@id\":\"https:\\\/\\\/hyvajoulumieli.fi\\\/#\\\/schema\\\/logo\\\/image\\\/\",\"url\":\"https:\\\/\\\/hyvajoulumieli.fi\\\/wp-content\\\/uploads\\\/2024\\\/09\\\/Hyvajoulumieli_logo_valkoinen-tausta.png\",\"contentUrl\":\"https:\\\/\\\/hyvajoulumieli.fi\\\/wp-content\\\/uploads\\\/2024\\\/09\\\/Hyvajoulumieli_logo_valkoinen-tausta.png\",\"width\":295,\"height\":113,\"caption\":\"Hyv\u00e4 Joulumieli -ker\u00e4ys\"},\"image\":{\"@id\":\"https:\\\/\\\/hyvajoulumieli.fi\\\/#\\\/schema\\\/logo\\\/image\\\/\"},\"sameAs\":[\"https:\\\/\\\/www.facebook.com\\\/hyvajoulumieli\\\/\",\"https:\\\/\\\/x.com\\\/hyvajoulumieli\",\"http:\\\/\\\/@hyvajoulumieli\"]}]}<\/script>\n<!-- \/ Yoast SEO plugin. -->","yoast_head_json":{"title":"Corporate donations - Hyv\u00e4 Joulumieli -ker\u00e4ys","robots":{"index":"index","follow":"follow","max-snippet":"max-snippet:-1","max-image-preview":"max-image-preview:large","max-video-preview":"max-video-preview:-1"},"canonical":"https:\/\/hyvajoulumieli.fi\/en\/corporate-donations\/","og_locale":"en_US","og_type":"article","og_title":"Corporate donations - Hyv\u00e4 Joulumieli -ker\u00e4ys","og_description":"How can my business donate to the campaign? Choose a sum and pay online or print out an invoice for your company or organisation. 500 \u20ac 1000 \u20ac 1500 \u20ac Other sum Please note if you need the invoice as a print or saved as a PDF -file it is done on the page after ... Read more","og_url":"https:\/\/hyvajoulumieli.fi\/en\/corporate-donations\/","og_site_name":"Hyv\u00e4 Joulumieli -ker\u00e4ys","article_publisher":"https:\/\/www.facebook.com\/hyvajoulumieli\/","article_modified_time":"2025-10-09T05:26:52+00:00","twitter_card":"summary_large_image","twitter_site":"@hyvajoulumieli","twitter_misc":{"Est. reading time":"4 minutes"},"schema":{"@context":"https:\/\/schema.org","@graph":[{"@type":"WebPage","@id":"https:\/\/hyvajoulumieli.fi\/en\/corporate-donations\/","url":"https:\/\/hyvajoulumieli.fi\/en\/corporate-donations\/","name":"Corporate donations - Hyv\u00e4 Joulumieli -ker\u00e4ys","isPartOf":{"@id":"https:\/\/hyvajoulumieli.fi\/#website"},"datePublished":"2017-10-23T07:54:39+00:00","dateModified":"2025-10-09T05:26:52+00:00","breadcrumb":{"@id":"https:\/\/hyvajoulumieli.fi\/en\/corporate-donations\/#breadcrumb"},"inLanguage":"en-US","potentialAction":[{"@type":"ReadAction","target":["https:\/\/hyvajoulumieli.fi\/en\/corporate-donations\/"]}]},{"@type":"BreadcrumbList","@id":"https:\/\/hyvajoulumieli.fi\/en\/corporate-donations\/#breadcrumb","itemListElement":[{"@type":"ListItem","position":1,"name":"Etusivu","item":"https:\/\/hyvajoulumieli.fi\/en\/"},{"@type":"ListItem","position":2,"name":"Corporate donations"}]},{"@type":"WebSite","@id":"https:\/\/hyvajoulumieli.fi\/#website","url":"https:\/\/hyvajoulumieli.fi\/","name":"Hyv\u00e4 Joulumieli -ker\u00e4ys","description":"Lahjoituksellasi autat v\u00e4h\u00e4varaisia lapsiperheit\u00e4. Sinun avullasi voimme jakaa ruokalahjakortteja apua tarvitseville perheille Suomessa. Hyv\u00e4 Joulumieli -lahjoitus tuo joulun.","publisher":{"@id":"https:\/\/hyvajoulumieli.fi\/#organization"},"potentialAction":[{"@type":"SearchAction","target":{"@type":"EntryPoint","urlTemplate":"https:\/\/hyvajoulumieli.fi\/?s={search_term_string}"},"query-input":{"@type":"PropertyValueSpecification","valueRequired":true,"valueName":"search_term_string"}}],"inLanguage":"en-US"},{"@type":"Organization","@id":"https:\/\/hyvajoulumieli.fi\/#organization","name":"Hyv\u00e4 Joulumieli -ker\u00e4ys","url":"https:\/\/hyvajoulumieli.fi\/","logo":{"@type":"ImageObject","inLanguage":"en-US","@id":"https:\/\/hyvajoulumieli.fi\/#\/schema\/logo\/image\/","url":"https:\/\/hyvajoulumieli.fi\/wp-content\/uploads\/2024\/09\/Hyvajoulumieli_logo_valkoinen-tausta.png","contentUrl":"https:\/\/hyvajoulumieli.fi\/wp-content\/uploads\/2024\/09\/Hyvajoulumieli_logo_valkoinen-tausta.png","width":295,"height":113,"caption":"Hyv\u00e4 Joulumieli -ker\u00e4ys"},"image":{"@id":"https:\/\/hyvajoulumieli.fi\/#\/schema\/logo\/image\/"},"sameAs":["https:\/\/www.facebook.com\/hyvajoulumieli\/","https:\/\/x.com\/hyvajoulumieli","http:\/\/@hyvajoulumieli"]}]}},"_links":{"self":[{"href":"https:\/\/hyvajoulumieli.fi\/en\/wp-json\/wp\/v2\/pages\/69","targetHints":{"allow":["GET"]}}],"collection":[{"href":"https:\/\/hyvajoulumieli.fi\/en\/wp-json\/wp\/v2\/pages"}],"about":[{"href":"https:\/\/hyvajoulumieli.fi\/en\/wp-json\/wp\/v2\/types\/page"}],"author":[{"embeddable":true,"href":"https:\/\/hyvajoulumieli.fi\/en\/wp-json\/wp\/v2\/users\/1"}],"replies":[{"embeddable":true,"href":"https:\/\/hyvajoulumieli.fi\/en\/wp-json\/wp\/v2\/comments?post=69"}],"version-history":[{"count":44,"href":"https:\/\/hyvajoulumieli.fi\/en\/wp-json\/wp\/v2\/pages\/69\/revisions"}],"predecessor-version":[{"id":5179,"href":"https:\/\/hyvajoulumieli.fi\/en\/wp-json\/wp\/v2\/pages\/69\/revisions\/5179"}],"wp:attachment":[{"href":"https:\/\/hyvajoulumieli.fi\/en\/wp-json\/wp\/v2\/media?parent=69"}],"curies":[{"name":"wp","href":"https:\/\/api.w.org\/{rel}","templated":true}]}}