{"id":4489,"date":"2024-10-22T12:14:14","date_gmt":"2024-10-22T09:14:14","guid":{"rendered":"https:\/\/joulumieli.iwn.co\/?page_id=4489"},"modified":"2024-10-22T16:01:30","modified_gmt":"2024-10-22T13:01:30","slug":"hyva-joulumieli-kerayksen-tietosuoja","status":"publish","type":"page","link":"https:\/\/hyvajoulumieli.fi\/sv\/hyva-joulumieli-kerayksen-tietosuoja\/","title":{"rendered":"Dataskyddspolicy f\u00f6r Jul i sinnet -insamlingen"},"content":{"rendered":"\n<section id=\"g-fh3737q\" class=\"wp-block-gutentor-m3 section-g-fh3737q gutentor-module gutentor-container-cover\"><div class=\"grid-container gutentor-rm-ct-space\">\n<section id=\"g-0rvimqm\" class=\"wp-block-gutentor-m4 section-g-0rvimqm gutentor-module gutentor-advanced-columns has-color-bg has-custom-bg\"><div class=\"grid-container gutentor-rm-ct-space\"><div class=\"grid-row\">\n<div id=\"col-g-y18ene8\" class=\"wp-block-gutentor-m4-col col-g-y18ene8 gutentor-single-column  grid-lg-12 grid-md-12 grid-12\"><div id=\"section-g-y18ene8\" class=\"section-g-y18ene8 gutentor-col-wrap\">\n<div id=\"section-g-1r3jsm1\" class=\"wp-block-gutentor-e0 section-g-1r3jsm1 gutentor-element gutentor-element-advanced-text\"><div class=\"gutentor-text-wrap\"><p class=\"gutentor-text\">I Jul i sinnet -insamlingen samlas f\u00f6ljande information om givare in.<\/p><\/div><\/div>\n<\/div><\/div>\n<\/div><\/div><\/section>\n\n\n\n<section id=\"g-6hchil0\" class=\"wp-block-gutentor-m4 section-g-6hchil0 gutentor-module gutentor-advanced-columns has-color-bg has-custom-bg\"><div class=\"grid-container gutentor-rm-ct-space\"><div class=\"grid-row\">\n<div id=\"col-g-z4zbbep\" class=\"wp-block-gutentor-m4-col col-g-z4zbbep gutentor-single-column  grid-lg-6 grid-md-6 grid-12\"><div id=\"section-g-z4zbbep\" class=\"section-g-z4zbbep gutentor-col-wrap\">\n<div id=\"section-g-4tiatti\" class=\"wp-block-gutentor-e1 section-g-4tiatti gutentor-element gutentor-element-advanced-text\"><div class=\"gutentor-text-wrap\"><h2 class=\"gutentor-text\">F\u00f6retags- och organisationsdonationer<\/h2><\/div><\/div>\n\n\n\n<div id=\"section-g-2mue3nk\" class=\"wp-block-gutentor-e0 section-g-2mue3nk gutentor-element gutentor-element-advanced-text\"><div class=\"gutentor-text-wrap\"><p class=\"gutentor-text\">N\u00e4r ett f\u00f6retag beg\u00e4r en faktura registreras f\u00f6retagets\/organisationens namn och donationsbelopp. Denna information sparas i enlighet med bokf\u00f6ringslagen.<br><br>Via webbplatsen kan ett f\u00f6retag\/en organisation donera genom att fylla i ett webbformul\u00e4r. Formul\u00e4ret samlar in f\u00f6retagets\/organisationens namn, faktureringsuppgifter, donationsbelopp samt kontaktpersonens uppgifter (namn, telefonnummer, e-postadress). Givaren fyller sj\u00e4lv i uppgifterna via webbformul\u00e4ret. Formul\u00e4ruppgifterna skickas via e-post till hyvajoulumieli(a)mll.fi.<br><br>Dessutom lagras webbformul\u00e4rets uppgifter i en loggfil som finns bakom webbplatsen och som bara kan n\u00e5s genom inloggning. Formul\u00e4ruppgifterna sparas fram till insamlingens slut.<br><br>Efter att formul\u00e4ret har fyllts i kan f\u00f6retaget\/organisationen skriva ut den genererade fakturan och betala donationen via faktura, eller betala direkt via en n\u00e4tbetalningstj\u00e4nst.<br><br>Uppgifterna fr\u00e5n n\u00e4tbetalningar registreras i n\u00e4tbetalningstj\u00e4nsten, d\u00e4r det totala donationsbeloppet granskas. Namnen p\u00e5 alla givare och donationsbelopp samlas in s\u00e5 att deras uppgifter kan publiceras p\u00e5 hyvajoulumieli.fi-webbplatsen. Dessa uppgifter visas fram till n\u00e4sta insamling.<br><br>Kontaktuppgifter lagras i det f\u00f6retagskontaktregister som uppr\u00e4tth\u00e5lls av Finlands R\u00f6da Kors, och uppgifterna l\u00e4mnas inte vidare. Uppgifterna anv\u00e4nds enbart f\u00f6r kommunikation g\u00e4llande Jul i sinnet -insamlingen.<\/p><\/div><\/div>\n<\/div><\/div>\n\n\n\n<div id=\"col-g-wbxkkdb\" class=\"wp-block-gutentor-m4-col col-g-wbxkkdb gutentor-single-column  grid-lg-6 grid-md-6 grid-12\"><div id=\"section-g-wbxkkdb\" class=\"section-g-wbxkkdb gutentor-col-wrap\">\n<div id=\"section-g-ujf1prg\" class=\"wp-block-gutentor-e6 section-g-ujf1prg gutentor-element gutentor-element-image\"><div class=\"gutentor-element-image-box\"><div class=\"gutentor-image-thumb\"><img decoding=\"async\" class=\"normal-image lazyload\" src=\"data:image\/gif;base64,R0lGODlhAQABAAAAACH5BAEKAAEALAAAAAABAAEAAAICTAEAOw==\" data-src=\"https:\/\/hyvajoulumieli.fi\/wp-content\/uploads\/2024\/10\/20191028__SPR15184-nettisivuille-scaled-2.jpg\"><\/div><\/div><\/div>\n<\/div><\/div>\n<\/div><\/div><\/section>\n\n\n\n<section id=\"g-sg8v68s\" class=\"wp-block-gutentor-m4 section-g-sg8v68s gutentor-module gutentor-advanced-columns has-color-bg has-custom-bg\"><div class=\"grid-container gutentor-rm-ct-space\"><div class=\"grid-row\">\n<div id=\"col-g-01lddlv\" class=\"wp-block-gutentor-m4-col col-g-01lddlv gutentor-single-column  grid-lg-12 grid-md-12 grid-12\"><div id=\"section-g-01lddlv\" class=\"section-g-01lddlv gutentor-col-wrap\">\n<div id=\"section-g-1r9olnl\" class=\"wp-block-gutentor-e1 section-g-1r9olnl gutentor-element gutentor-element-advanced-text\"><div class=\"gutentor-text-wrap\"><h2 class=\"gutentor-text\">Individuella donationer<\/h2><\/div><\/div>\n\n\n\n<div id=\"section-g-x1ee1s9\" class=\"wp-block-gutentor-e0 section-g-x1ee1s9 gutentor-element gutentor-element-advanced-text\"><div class=\"gutentor-text-wrap\"><p class=\"gutentor-text\">F\u00f6r donationer via mobil, textmeddelande eller telefon visas endast den totala donationssumman i transaktionsrapporten, och inga identifierbara uppgifter samlas in.<br><br>N\u00e4tbetalningar behandlas som vanliga n\u00e4tbetalningar. Om en givare beg\u00e4r ett kvitto m\u00e5ste de ange en e-postadress till vilken kvittot skickas av n\u00e4tbetalningstj\u00e4nsten (MLL ser e-postadressen). E-postadresser sparas i n\u00e4tbetalningstj\u00e4nsten. Om givaren inte beg\u00e4r ett kvitto, sparas inga andra uppgifter \u00e4n de som beh\u00f6vs f\u00f6r att genomf\u00f6ra betalningen.<br><br>Om en person donerar direkt genom att betala till Jul i sinnet -kontot, visas betalningen p\u00e5 kontoutdraget, och uppgifterna lagras i enlighet med bokf\u00f6ringslagen.<\/p><\/div><\/div>\n<\/div><\/div>\n<\/div><\/div><\/section>\n<\/div><\/section>\n","protected":false},"excerpt":{"rendered":"","protected":false},"author":1,"featured_media":0,"parent":0,"menu_order":11,"comment_status":"closed","ping_status":"closed","template":"","meta":{"_acf_changed":false,"_monsterinsights_skip_tracking":false,"_monsterinsights_sitenote_active":false,"_monsterinsights_sitenote_note":"","_monsterinsights_sitenote_category":0,"footnotes":""},"class_list":["post-4489","page","type-page","status-publish"],"acf":[],"yoast_head":"<!-- This site is optimized with the Yoast SEO plugin v27.3 - https:\/\/yoast.com\/product\/yoast-seo-wordpress\/ -->\n<title>Dataskyddspolicy f\u00f6r Jul i sinnet -insamlingen - Hyv\u00e4 Joulumieli -ker\u00e4ys<\/title>\n<meta name=\"robots\" content=\"index, follow, max-snippet:-1, max-image-preview:large, max-video-preview:-1\" \/>\n<link rel=\"canonical\" href=\"https:\/\/hyvajoulumieli.fi\/sv\/hyva-joulumieli-kerayksen-tietosuoja\/\" \/>\n<meta property=\"og:locale\" content=\"sv_SE\" \/>\n<meta property=\"og:type\" content=\"article\" \/>\n<meta property=\"og:title\" content=\"Dataskyddspolicy f\u00f6r Jul i sinnet -insamlingen - Hyv\u00e4 Joulumieli -ker\u00e4ys\" \/>\n<meta property=\"og:url\" content=\"https:\/\/hyvajoulumieli.fi\/sv\/hyva-joulumieli-kerayksen-tietosuoja\/\" \/>\n<meta property=\"og:site_name\" content=\"Hyv\u00e4 Joulumieli -ker\u00e4ys\" \/>\n<meta property=\"article:publisher\" content=\"https:\/\/www.facebook.com\/hyvajoulumieli\/\" \/>\n<meta property=\"article:modified_time\" content=\"2024-10-22T13:01:30+00:00\" \/>\n<meta property=\"og:image\" content=\"https:\/\/hyvajoulumieli.fi\/wp-content\/uploads\/2024\/10\/20191028__SPR15184-nettisivuille-scaled-2.jpg\" \/>\n<meta name=\"twitter:card\" content=\"summary_large_image\" \/>\n<meta name=\"twitter:site\" content=\"@hyvajoulumieli\" \/>\n<meta name=\"twitter:label1\" content=\"Ber\u00e4knad l\u00e4stid\" \/>\n\t<meta name=\"twitter:data1\" content=\"2 minuter\" \/>\n<script type=\"application\/ld+json\" class=\"yoast-schema-graph\">{\"@context\":\"https:\\\/\\\/schema.org\",\"@graph\":[{\"@type\":\"WebPage\",\"@id\":\"https:\\\/\\\/hyvajoulumieli.fi\\\/sv\\\/hyva-joulumieli-kerayksen-tietosuoja\\\/\",\"url\":\"https:\\\/\\\/hyvajoulumieli.fi\\\/sv\\\/hyva-joulumieli-kerayksen-tietosuoja\\\/\",\"name\":\"Dataskyddspolicy f\u00f6r Jul i sinnet -insamlingen - Hyv\u00e4 Joulumieli -ker\u00e4ys\",\"isPartOf\":{\"@id\":\"https:\\\/\\\/hyvajoulumieli.fi\\\/#website\"},\"primaryImageOfPage\":{\"@id\":\"https:\\\/\\\/hyvajoulumieli.fi\\\/sv\\\/hyva-joulumieli-kerayksen-tietosuoja\\\/#primaryimage\"},\"image\":{\"@id\":\"https:\\\/\\\/hyvajoulumieli.fi\\\/sv\\\/hyva-joulumieli-kerayksen-tietosuoja\\\/#primaryimage\"},\"thumbnailUrl\":\"https:\\\/\\\/hyvajoulumieli.fi\\\/wp-content\\\/uploads\\\/2024\\\/10\\\/20191028__SPR15184-nettisivuille-scaled-2.jpg\",\"datePublished\":\"2024-10-22T09:14:14+00:00\",\"dateModified\":\"2024-10-22T13:01:30+00:00\",\"breadcrumb\":{\"@id\":\"https:\\\/\\\/hyvajoulumieli.fi\\\/sv\\\/hyva-joulumieli-kerayksen-tietosuoja\\\/#breadcrumb\"},\"inLanguage\":\"sv-SE\",\"potentialAction\":[{\"@type\":\"ReadAction\",\"target\":[\"https:\\\/\\\/hyvajoulumieli.fi\\\/sv\\\/hyva-joulumieli-kerayksen-tietosuoja\\\/\"]}]},{\"@type\":\"ImageObject\",\"inLanguage\":\"sv-SE\",\"@id\":\"https:\\\/\\\/hyvajoulumieli.fi\\\/sv\\\/hyva-joulumieli-kerayksen-tietosuoja\\\/#primaryimage\",\"url\":\"https:\\\/\\\/hyvajoulumieli.fi\\\/wp-content\\\/uploads\\\/2024\\\/10\\\/20191028__SPR15184-nettisivuille-scaled-2.jpg\",\"contentUrl\":\"https:\\\/\\\/hyvajoulumieli.fi\\\/wp-content\\\/uploads\\\/2024\\\/10\\\/20191028__SPR15184-nettisivuille-scaled-2.jpg\"},{\"@type\":\"BreadcrumbList\",\"@id\":\"https:\\\/\\\/hyvajoulumieli.fi\\\/sv\\\/hyva-joulumieli-kerayksen-tietosuoja\\\/#breadcrumb\",\"itemListElement\":[{\"@type\":\"ListItem\",\"position\":1,\"name\":\"Etusivu\",\"item\":\"https:\\\/\\\/hyvajoulumieli.fi\\\/sv\\\/\"},{\"@type\":\"ListItem\",\"position\":2,\"name\":\"Dataskyddspolicy f\u00f6r Jul i sinnet -insamlingen\"}]},{\"@type\":\"WebSite\",\"@id\":\"https:\\\/\\\/hyvajoulumieli.fi\\\/#website\",\"url\":\"https:\\\/\\\/hyvajoulumieli.fi\\\/\",\"name\":\"Hyv\u00e4 Joulumieli -ker\u00e4ys\",\"description\":\"Lahjoituksellasi autat v\u00e4h\u00e4varaisia lapsiperheit\u00e4. Sinun avullasi voimme jakaa ruokalahjakortteja apua tarvitseville perheille Suomessa. Hyv\u00e4 Joulumieli -lahjoitus tuo joulun.\",\"publisher\":{\"@id\":\"https:\\\/\\\/hyvajoulumieli.fi\\\/#organization\"},\"potentialAction\":[{\"@type\":\"SearchAction\",\"target\":{\"@type\":\"EntryPoint\",\"urlTemplate\":\"https:\\\/\\\/hyvajoulumieli.fi\\\/?s={search_term_string}\"},\"query-input\":{\"@type\":\"PropertyValueSpecification\",\"valueRequired\":true,\"valueName\":\"search_term_string\"}}],\"inLanguage\":\"sv-SE\"},{\"@type\":\"Organization\",\"@id\":\"https:\\\/\\\/hyvajoulumieli.fi\\\/#organization\",\"name\":\"Hyv\u00e4 Joulumieli -ker\u00e4ys\",\"url\":\"https:\\\/\\\/hyvajoulumieli.fi\\\/\",\"logo\":{\"@type\":\"ImageObject\",\"inLanguage\":\"sv-SE\",\"@id\":\"https:\\\/\\\/hyvajoulumieli.fi\\\/#\\\/schema\\\/logo\\\/image\\\/\",\"url\":\"https:\\\/\\\/hyvajoulumieli.fi\\\/wp-content\\\/uploads\\\/2024\\\/09\\\/Hyvajoulumieli_logo_valkoinen-tausta.png\",\"contentUrl\":\"https:\\\/\\\/hyvajoulumieli.fi\\\/wp-content\\\/uploads\\\/2024\\\/09\\\/Hyvajoulumieli_logo_valkoinen-tausta.png\",\"width\":295,\"height\":113,\"caption\":\"Hyv\u00e4 Joulumieli -ker\u00e4ys\"},\"image\":{\"@id\":\"https:\\\/\\\/hyvajoulumieli.fi\\\/#\\\/schema\\\/logo\\\/image\\\/\"},\"sameAs\":[\"https:\\\/\\\/www.facebook.com\\\/hyvajoulumieli\\\/\",\"https:\\\/\\\/x.com\\\/hyvajoulumieli\",\"http:\\\/\\\/@hyvajoulumieli\"]}]}<\/script>\n<!-- \/ Yoast SEO plugin. -->","yoast_head_json":{"title":"Dataskyddspolicy f\u00f6r Jul i sinnet -insamlingen - Hyv\u00e4 Joulumieli -ker\u00e4ys","robots":{"index":"index","follow":"follow","max-snippet":"max-snippet:-1","max-image-preview":"max-image-preview:large","max-video-preview":"max-video-preview:-1"},"canonical":"https:\/\/hyvajoulumieli.fi\/sv\/hyva-joulumieli-kerayksen-tietosuoja\/","og_locale":"sv_SE","og_type":"article","og_title":"Dataskyddspolicy f\u00f6r Jul i sinnet -insamlingen - Hyv\u00e4 Joulumieli -ker\u00e4ys","og_url":"https:\/\/hyvajoulumieli.fi\/sv\/hyva-joulumieli-kerayksen-tietosuoja\/","og_site_name":"Hyv\u00e4 Joulumieli -ker\u00e4ys","article_publisher":"https:\/\/www.facebook.com\/hyvajoulumieli\/","article_modified_time":"2024-10-22T13:01:30+00:00","og_image":[{"url":"https:\/\/hyvajoulumieli.fi\/wp-content\/uploads\/2024\/10\/20191028__SPR15184-nettisivuille-scaled-2.jpg","type":"","width":"","height":""}],"twitter_card":"summary_large_image","twitter_site":"@hyvajoulumieli","twitter_misc":{"Ber\u00e4knad l\u00e4stid":"2 minuter"},"schema":{"@context":"https:\/\/schema.org","@graph":[{"@type":"WebPage","@id":"https:\/\/hyvajoulumieli.fi\/sv\/hyva-joulumieli-kerayksen-tietosuoja\/","url":"https:\/\/hyvajoulumieli.fi\/sv\/hyva-joulumieli-kerayksen-tietosuoja\/","name":"Dataskyddspolicy f\u00f6r Jul i sinnet -insamlingen - Hyv\u00e4 Joulumieli -ker\u00e4ys","isPartOf":{"@id":"https:\/\/hyvajoulumieli.fi\/#website"},"primaryImageOfPage":{"@id":"https:\/\/hyvajoulumieli.fi\/sv\/hyva-joulumieli-kerayksen-tietosuoja\/#primaryimage"},"image":{"@id":"https:\/\/hyvajoulumieli.fi\/sv\/hyva-joulumieli-kerayksen-tietosuoja\/#primaryimage"},"thumbnailUrl":"https:\/\/hyvajoulumieli.fi\/wp-content\/uploads\/2024\/10\/20191028__SPR15184-nettisivuille-scaled-2.jpg","datePublished":"2024-10-22T09:14:14+00:00","dateModified":"2024-10-22T13:01:30+00:00","breadcrumb":{"@id":"https:\/\/hyvajoulumieli.fi\/sv\/hyva-joulumieli-kerayksen-tietosuoja\/#breadcrumb"},"inLanguage":"sv-SE","potentialAction":[{"@type":"ReadAction","target":["https:\/\/hyvajoulumieli.fi\/sv\/hyva-joulumieli-kerayksen-tietosuoja\/"]}]},{"@type":"ImageObject","inLanguage":"sv-SE","@id":"https:\/\/hyvajoulumieli.fi\/sv\/hyva-joulumieli-kerayksen-tietosuoja\/#primaryimage","url":"https:\/\/hyvajoulumieli.fi\/wp-content\/uploads\/2024\/10\/20191028__SPR15184-nettisivuille-scaled-2.jpg","contentUrl":"https:\/\/hyvajoulumieli.fi\/wp-content\/uploads\/2024\/10\/20191028__SPR15184-nettisivuille-scaled-2.jpg"},{"@type":"BreadcrumbList","@id":"https:\/\/hyvajoulumieli.fi\/sv\/hyva-joulumieli-kerayksen-tietosuoja\/#breadcrumb","itemListElement":[{"@type":"ListItem","position":1,"name":"Etusivu","item":"https:\/\/hyvajoulumieli.fi\/sv\/"},{"@type":"ListItem","position":2,"name":"Dataskyddspolicy f\u00f6r Jul i sinnet -insamlingen"}]},{"@type":"WebSite","@id":"https:\/\/hyvajoulumieli.fi\/#website","url":"https:\/\/hyvajoulumieli.fi\/","name":"Hyv\u00e4 Joulumieli -ker\u00e4ys","description":"Lahjoituksellasi autat v\u00e4h\u00e4varaisia lapsiperheit\u00e4. Sinun avullasi voimme jakaa ruokalahjakortteja apua tarvitseville perheille Suomessa. Hyv\u00e4 Joulumieli -lahjoitus tuo joulun.","publisher":{"@id":"https:\/\/hyvajoulumieli.fi\/#organization"},"potentialAction":[{"@type":"SearchAction","target":{"@type":"EntryPoint","urlTemplate":"https:\/\/hyvajoulumieli.fi\/?s={search_term_string}"},"query-input":{"@type":"PropertyValueSpecification","valueRequired":true,"valueName":"search_term_string"}}],"inLanguage":"sv-SE"},{"@type":"Organization","@id":"https:\/\/hyvajoulumieli.fi\/#organization","name":"Hyv\u00e4 Joulumieli -ker\u00e4ys","url":"https:\/\/hyvajoulumieli.fi\/","logo":{"@type":"ImageObject","inLanguage":"sv-SE","@id":"https:\/\/hyvajoulumieli.fi\/#\/schema\/logo\/image\/","url":"https:\/\/hyvajoulumieli.fi\/wp-content\/uploads\/2024\/09\/Hyvajoulumieli_logo_valkoinen-tausta.png","contentUrl":"https:\/\/hyvajoulumieli.fi\/wp-content\/uploads\/2024\/09\/Hyvajoulumieli_logo_valkoinen-tausta.png","width":295,"height":113,"caption":"Hyv\u00e4 Joulumieli -ker\u00e4ys"},"image":{"@id":"https:\/\/hyvajoulumieli.fi\/#\/schema\/logo\/image\/"},"sameAs":["https:\/\/www.facebook.com\/hyvajoulumieli\/","https:\/\/x.com\/hyvajoulumieli","http:\/\/@hyvajoulumieli"]}]}},"_links":{"self":[{"href":"https:\/\/hyvajoulumieli.fi\/sv\/wp-json\/wp\/v2\/pages\/4489","targetHints":{"allow":["GET"]}}],"collection":[{"href":"https:\/\/hyvajoulumieli.fi\/sv\/wp-json\/wp\/v2\/pages"}],"about":[{"href":"https:\/\/hyvajoulumieli.fi\/sv\/wp-json\/wp\/v2\/types\/page"}],"author":[{"embeddable":true,"href":"https:\/\/hyvajoulumieli.fi\/sv\/wp-json\/wp\/v2\/users\/1"}],"replies":[{"embeddable":true,"href":"https:\/\/hyvajoulumieli.fi\/sv\/wp-json\/wp\/v2\/comments?post=4489"}],"version-history":[{"count":3,"href":"https:\/\/hyvajoulumieli.fi\/sv\/wp-json\/wp\/v2\/pages\/4489\/revisions"}],"predecessor-version":[{"id":4512,"href":"https:\/\/hyvajoulumieli.fi\/sv\/wp-json\/wp\/v2\/pages\/4489\/revisions\/4512"}],"wp:attachment":[{"href":"https:\/\/hyvajoulumieli.fi\/sv\/wp-json\/wp\/v2\/media?parent=4489"}],"curies":[{"name":"wp","href":"https:\/\/api.w.org\/{rel}","templated":true}]}}