{"id":54,"date":"2016-09-15T15:23:08","date_gmt":"2016-09-15T12:23:08","guid":{"rendered":"http:\/\/uusi.hyvajoulumieli.fi\/lahjoitus_peruutus\/?lang=sv"},"modified":"2016-10-25T13:26:24","modified_gmt":"2016-10-25T10:26:24","slug":"lahjoitus_peruutus","status":"publish","type":"page","link":"https:\/\/hyvajoulumieli.fi\/sv\/donera\/lahjoitus_peruutus\/","title":{"rendered":"Din donation avbr\u00f6ts. G\u00e5 tillbaka och f\u00f6rs\u00f6k p\u00e5 nytt."},"content":{"rendered":"","protected":false},"excerpt":{"rendered":"","protected":false},"author":1,"featured_media":0,"parent":75,"menu_order":26,"comment_status":"closed","ping_status":"closed","template":"","meta":{"_acf_changed":false,"_monsterinsights_skip_tracking":false,"_monsterinsights_sitenote_active":false,"_monsterinsights_sitenote_note":"","_monsterinsights_sitenote_category":0,"footnotes":""},"class_list":["post-54","page","type-page","status-publish"],"acf":[],"yoast_head":"<!-- This site is optimized with the Yoast SEO plugin v27.3 - https:\/\/yoast.com\/product\/yoast-seo-wordpress\/ -->\n<title>Din donation avbr\u00f6ts. G\u00e5 tillbaka och f\u00f6rs\u00f6k p\u00e5 nytt. - Hyv\u00e4 Joulumieli -ker\u00e4ys<\/title>\n<meta name=\"robots\" content=\"index, follow, max-snippet:-1, max-image-preview:large, max-video-preview:-1\" \/>\n<link rel=\"canonical\" href=\"https:\/\/hyvajoulumieli.fi\/sv\/donera\/lahjoitus_peruutus\/\" \/>\n<meta property=\"og:locale\" content=\"sv_SE\" \/>\n<meta property=\"og:type\" content=\"article\" \/>\n<meta property=\"og:title\" content=\"Din donation avbr\u00f6ts. G\u00e5 tillbaka och f\u00f6rs\u00f6k p\u00e5 nytt. - Hyv\u00e4 Joulumieli -ker\u00e4ys\" \/>\n<meta property=\"og:url\" content=\"https:\/\/hyvajoulumieli.fi\/sv\/donera\/lahjoitus_peruutus\/\" \/>\n<meta property=\"og:site_name\" content=\"Hyv\u00e4 Joulumieli -ker\u00e4ys\" \/>\n<meta property=\"article:publisher\" content=\"https:\/\/www.facebook.com\/hyvajoulumieli\/\" \/>\n<meta property=\"article:modified_time\" content=\"2016-10-25T10:26:24+00:00\" \/>\n<meta name=\"twitter:card\" content=\"summary_large_image\" \/>\n<meta name=\"twitter:site\" content=\"@hyvajoulumieli\" \/>\n<script type=\"application\/ld+json\" class=\"yoast-schema-graph\">{\"@context\":\"https:\\\/\\\/schema.org\",\"@graph\":[{\"@type\":\"WebPage\",\"@id\":\"https:\\\/\\\/hyvajoulumieli.fi\\\/sv\\\/donera\\\/lahjoitus_peruutus\\\/\",\"url\":\"https:\\\/\\\/hyvajoulumieli.fi\\\/sv\\\/donera\\\/lahjoitus_peruutus\\\/\",\"name\":\"Din donation avbr\u00f6ts. G\u00e5 tillbaka och f\u00f6rs\u00f6k p\u00e5 nytt. - Hyv\u00e4 Joulumieli -ker\u00e4ys\",\"isPartOf\":{\"@id\":\"https:\\\/\\\/hyvajoulumieli.fi\\\/#website\"},\"datePublished\":\"2016-09-15T12:23:08+00:00\",\"dateModified\":\"2016-10-25T10:26:24+00:00\",\"breadcrumb\":{\"@id\":\"https:\\\/\\\/hyvajoulumieli.fi\\\/sv\\\/donera\\\/lahjoitus_peruutus\\\/#breadcrumb\"},\"inLanguage\":\"sv-SE\",\"potentialAction\":[{\"@type\":\"ReadAction\",\"target\":[\"https:\\\/\\\/hyvajoulumieli.fi\\\/sv\\\/donera\\\/lahjoitus_peruutus\\\/\"]}]},{\"@type\":\"BreadcrumbList\",\"@id\":\"https:\\\/\\\/hyvajoulumieli.fi\\\/sv\\\/donera\\\/lahjoitus_peruutus\\\/#breadcrumb\",\"itemListElement\":[{\"@type\":\"ListItem\",\"position\":1,\"name\":\"Etusivu\",\"item\":\"https:\\\/\\\/hyvajoulumieli.fi\\\/sv\\\/\"},{\"@type\":\"ListItem\",\"position\":2,\"name\":\"Donera som privat person\",\"item\":\"https:\\\/\\\/hyvajoulumieli.fi\\\/sv\\\/donera\\\/\"},{\"@type\":\"ListItem\",\"position\":3,\"name\":\"Din donation avbr\u00f6ts. G\u00e5 tillbaka och f\u00f6rs\u00f6k p\u00e5 nytt.\"}]},{\"@type\":\"WebSite\",\"@id\":\"https:\\\/\\\/hyvajoulumieli.fi\\\/#website\",\"url\":\"https:\\\/\\\/hyvajoulumieli.fi\\\/\",\"name\":\"Hyv\u00e4 Joulumieli -ker\u00e4ys\",\"description\":\"Lahjoituksellasi autat v\u00e4h\u00e4varaisia lapsiperheit\u00e4. Sinun avullasi voimme jakaa ruokalahjakortteja apua tarvitseville perheille Suomessa. Hyv\u00e4 Joulumieli -lahjoitus tuo joulun.\",\"publisher\":{\"@id\":\"https:\\\/\\\/hyvajoulumieli.fi\\\/#organization\"},\"potentialAction\":[{\"@type\":\"SearchAction\",\"target\":{\"@type\":\"EntryPoint\",\"urlTemplate\":\"https:\\\/\\\/hyvajoulumieli.fi\\\/?s={search_term_string}\"},\"query-input\":{\"@type\":\"PropertyValueSpecification\",\"valueRequired\":true,\"valueName\":\"search_term_string\"}}],\"inLanguage\":\"sv-SE\"},{\"@type\":\"Organization\",\"@id\":\"https:\\\/\\\/hyvajoulumieli.fi\\\/#organization\",\"name\":\"Hyv\u00e4 Joulumieli -ker\u00e4ys\",\"url\":\"https:\\\/\\\/hyvajoulumieli.fi\\\/\",\"logo\":{\"@type\":\"ImageObject\",\"inLanguage\":\"sv-SE\",\"@id\":\"https:\\\/\\\/hyvajoulumieli.fi\\\/#\\\/schema\\\/logo\\\/image\\\/\",\"url\":\"https:\\\/\\\/hyvajoulumieli.fi\\\/wp-content\\\/uploads\\\/2024\\\/09\\\/Hyvajoulumieli_logo_valkoinen-tausta.png\",\"contentUrl\":\"https:\\\/\\\/hyvajoulumieli.fi\\\/wp-content\\\/uploads\\\/2024\\\/09\\\/Hyvajoulumieli_logo_valkoinen-tausta.png\",\"width\":295,\"height\":113,\"caption\":\"Hyv\u00e4 Joulumieli -ker\u00e4ys\"},\"image\":{\"@id\":\"https:\\\/\\\/hyvajoulumieli.fi\\\/#\\\/schema\\\/logo\\\/image\\\/\"},\"sameAs\":[\"https:\\\/\\\/www.facebook.com\\\/hyvajoulumieli\\\/\",\"https:\\\/\\\/x.com\\\/hyvajoulumieli\",\"http:\\\/\\\/@hyvajoulumieli\"]}]}<\/script>\n<!-- \/ Yoast SEO plugin. -->","yoast_head_json":{"title":"Din donation avbr\u00f6ts. G\u00e5 tillbaka och f\u00f6rs\u00f6k p\u00e5 nytt. - Hyv\u00e4 Joulumieli -ker\u00e4ys","robots":{"index":"index","follow":"follow","max-snippet":"max-snippet:-1","max-image-preview":"max-image-preview:large","max-video-preview":"max-video-preview:-1"},"canonical":"https:\/\/hyvajoulumieli.fi\/sv\/donera\/lahjoitus_peruutus\/","og_locale":"sv_SE","og_type":"article","og_title":"Din donation avbr\u00f6ts. G\u00e5 tillbaka och f\u00f6rs\u00f6k p\u00e5 nytt. - Hyv\u00e4 Joulumieli -ker\u00e4ys","og_url":"https:\/\/hyvajoulumieli.fi\/sv\/donera\/lahjoitus_peruutus\/","og_site_name":"Hyv\u00e4 Joulumieli -ker\u00e4ys","article_publisher":"https:\/\/www.facebook.com\/hyvajoulumieli\/","article_modified_time":"2016-10-25T10:26:24+00:00","twitter_card":"summary_large_image","twitter_site":"@hyvajoulumieli","schema":{"@context":"https:\/\/schema.org","@graph":[{"@type":"WebPage","@id":"https:\/\/hyvajoulumieli.fi\/sv\/donera\/lahjoitus_peruutus\/","url":"https:\/\/hyvajoulumieli.fi\/sv\/donera\/lahjoitus_peruutus\/","name":"Din donation avbr\u00f6ts. G\u00e5 tillbaka och f\u00f6rs\u00f6k p\u00e5 nytt. - Hyv\u00e4 Joulumieli -ker\u00e4ys","isPartOf":{"@id":"https:\/\/hyvajoulumieli.fi\/#website"},"datePublished":"2016-09-15T12:23:08+00:00","dateModified":"2016-10-25T10:26:24+00:00","breadcrumb":{"@id":"https:\/\/hyvajoulumieli.fi\/sv\/donera\/lahjoitus_peruutus\/#breadcrumb"},"inLanguage":"sv-SE","potentialAction":[{"@type":"ReadAction","target":["https:\/\/hyvajoulumieli.fi\/sv\/donera\/lahjoitus_peruutus\/"]}]},{"@type":"BreadcrumbList","@id":"https:\/\/hyvajoulumieli.fi\/sv\/donera\/lahjoitus_peruutus\/#breadcrumb","itemListElement":[{"@type":"ListItem","position":1,"name":"Etusivu","item":"https:\/\/hyvajoulumieli.fi\/sv\/"},{"@type":"ListItem","position":2,"name":"Donera som privat person","item":"https:\/\/hyvajoulumieli.fi\/sv\/donera\/"},{"@type":"ListItem","position":3,"name":"Din donation avbr\u00f6ts. G\u00e5 tillbaka och f\u00f6rs\u00f6k p\u00e5 nytt."}]},{"@type":"WebSite","@id":"https:\/\/hyvajoulumieli.fi\/#website","url":"https:\/\/hyvajoulumieli.fi\/","name":"Hyv\u00e4 Joulumieli -ker\u00e4ys","description":"Lahjoituksellasi autat v\u00e4h\u00e4varaisia lapsiperheit\u00e4. Sinun avullasi voimme jakaa ruokalahjakortteja apua tarvitseville perheille Suomessa. Hyv\u00e4 Joulumieli -lahjoitus tuo joulun.","publisher":{"@id":"https:\/\/hyvajoulumieli.fi\/#organization"},"potentialAction":[{"@type":"SearchAction","target":{"@type":"EntryPoint","urlTemplate":"https:\/\/hyvajoulumieli.fi\/?s={search_term_string}"},"query-input":{"@type":"PropertyValueSpecification","valueRequired":true,"valueName":"search_term_string"}}],"inLanguage":"sv-SE"},{"@type":"Organization","@id":"https:\/\/hyvajoulumieli.fi\/#organization","name":"Hyv\u00e4 Joulumieli -ker\u00e4ys","url":"https:\/\/hyvajoulumieli.fi\/","logo":{"@type":"ImageObject","inLanguage":"sv-SE","@id":"https:\/\/hyvajoulumieli.fi\/#\/schema\/logo\/image\/","url":"https:\/\/hyvajoulumieli.fi\/wp-content\/uploads\/2024\/09\/Hyvajoulumieli_logo_valkoinen-tausta.png","contentUrl":"https:\/\/hyvajoulumieli.fi\/wp-content\/uploads\/2024\/09\/Hyvajoulumieli_logo_valkoinen-tausta.png","width":295,"height":113,"caption":"Hyv\u00e4 Joulumieli -ker\u00e4ys"},"image":{"@id":"https:\/\/hyvajoulumieli.fi\/#\/schema\/logo\/image\/"},"sameAs":["https:\/\/www.facebook.com\/hyvajoulumieli\/","https:\/\/x.com\/hyvajoulumieli","http:\/\/@hyvajoulumieli"]}]}},"_links":{"self":[{"href":"https:\/\/hyvajoulumieli.fi\/sv\/wp-json\/wp\/v2\/pages\/54","targetHints":{"allow":["GET"]}}],"collection":[{"href":"https:\/\/hyvajoulumieli.fi\/sv\/wp-json\/wp\/v2\/pages"}],"about":[{"href":"https:\/\/hyvajoulumieli.fi\/sv\/wp-json\/wp\/v2\/types\/page"}],"author":[{"embeddable":true,"href":"https:\/\/hyvajoulumieli.fi\/sv\/wp-json\/wp\/v2\/users\/1"}],"replies":[{"embeddable":true,"href":"https:\/\/hyvajoulumieli.fi\/sv\/wp-json\/wp\/v2\/comments?post=54"}],"version-history":[{"count":3,"href":"https:\/\/hyvajoulumieli.fi\/sv\/wp-json\/wp\/v2\/pages\/54\/revisions"}],"predecessor-version":[{"id":519,"href":"https:\/\/hyvajoulumieli.fi\/sv\/wp-json\/wp\/v2\/pages\/54\/revisions\/519"}],"up":[{"embeddable":true,"href":"https:\/\/hyvajoulumieli.fi\/sv\/wp-json\/wp\/v2\/pages\/75"}],"wp:attachment":[{"href":"https:\/\/hyvajoulumieli.fi\/sv\/wp-json\/wp\/v2\/media?parent=54"}],"curies":[{"name":"wp","href":"https:\/\/api.w.org\/{rel}","templated":true}]}}