{"id":70,"date":"2017-10-24T10:54:39","date_gmt":"2017-10-24T07:54:39","guid":{"rendered":"http:\/\/uusi.hyvajoulumieli.fi\/yrityslahjoitukset\/?lang=sv"},"modified":"2025-10-09T08:28:33","modified_gmt":"2025-10-09T05:28:33","slug":"foretagsdonationer","status":"publish","type":"page","link":"https:\/\/hyvajoulumieli.fi\/sv\/foretagsdonationer\/","title":{"rendered":"F\u00f6retagsdonationer"},"content":{"rendered":"\n<p>Jul i Sinnet -kampanjen hj\u00e4lper barnfamiljer som har det ekonomiskt sv\u00e5rt. Mannerheims Barnskyddsf\u00f6rbund och R\u00f6da Korset utmanar alla f\u00f6retag att delta i insamlingen.<\/p>\n\n\n\n<h2 class=\"wp-block-heading\"><span lang=\"SV-FI\">S\u00e5 h\u00e4r kan ditt f\u00f6retag donera till insamlingen<\/span><\/h2>\n\n\n\n<p>Best\u00e4m beloppet och betala antingen p\u00e5 n\u00e4tet eller skriv ut en faktura f\u00f6r ditt f\u00f6retag.<\/p>\n\n\n\n<p><a class=\"button\" href=\"\/lahjoitalomake\/?tila=lahjoita&amp;kieli=sv&amp;summavalittu=1&amp;lahjoitussumma=500\">500 \u20ac<\/a> <a class=\"button\" href=\"\/lahjoitalomake\/?tila=lahjoita&amp;kieli=sv&amp;summavalittu=1&amp;lahjoitussumma=1000\">1000 \u20ac<\/a> <a class=\"button\" href=\"\/lahjoitalomake\/?tila=lahjoita&amp;kieli=sv&amp;summavalittu=1&amp;lahjoitussumma=1500\">1500 \u20ac<\/a> <a class=\"button\" href=\"\/lahjoitalomake\/?tila=lahjoita&amp;kieli=sv\">Annan summa<\/a><\/p>\n\n\n\n<p><em>Ifall ni beh\u00f6ver en faktura till bokf\u00f6ringen, v\u00e4nligen skriv ut eller spara fakturan som en PDF-fil p\u00e5 sidan efter att ha klickat p\u00e5 \u201dSkicka\u201d knappen.<\/em><\/p>\n\n\n\n<p>F\u00f6retaget kan ocks\u00e5 betala sin donation direkt p\u00e5 Jul i Sinnet-insamlingens konto IBAN FI33 5780 4120 0801 60 (BIC OKOYFIHH) med referensnumret 5429. Donationerna sparas i v\u00e5rt system med en f\u00f6rdr\u00f6jning p\u00e5 1\u20133 vardagar.<\/p>\n\n\n\n<p>Om ni beh\u00f6ver en best\u00e4llningsreferens p\u00e5 er faktura eller om ni har andra \u00f6nskem\u00e5l som g\u00e4ller fakturan, skicka e-post till adressen: hyvajoulumieli(a)mll.fi.<\/p>\n\n\n\n<p>V\u00e5ra operat\u00f6rer f\u00f6r n\u00e4tbetalningar \u00e4r Svea Payments och Securycast. Donationer som g\u00f6rs med knapparna ovan g\u00e5r f\u00f6rst till deras datasystem och f\u00f6rmedlas d\u00e4rifr\u00e5n till insamlingen Jul i Sinnet.<\/p>\n\n\n\n<h2 class=\"wp-block-heading\">Jul i Sinnet \u2013 synlighet f\u00f6r ditt f\u00f6retag<\/h2>\n\n\n\n<p>Alla f\u00f6retag som donerat till insamlingen Jul i Sinnet f\u00e5r ett paket med kommunikationsmaterial som de kan anv\u00e4nda f\u00f6r att ber\u00e4tta om deras deltagande i insamlingen. Vi ber att f\u00f6retag som donerat direkt p\u00e5 kontot meddelar sin kontaktinformation till adressen hyvajoulumieli(a)mll.fi, s\u00e5 att vi kan skicka materialet.<\/p>\n\n\n\n<p><strong>F\u00f6retag som donerat under 1&nbsp;500 euro (1\u20131499 euro) f\u00e5r tillg\u00e5ng till:<\/strong><\/p>\n\n\n\n<ul class=\"wp-block-list\">\n<li>Delningsbilder om deltagande i Jul i Sinnet-insamlingen f\u00f6r de sociala medierna<\/li>\n\n\n\n<li>E-postsignatur om deltagande i Jul i Sinnet-insamlingen<\/li>\n\n\n\n<li>F\u00f6retagets namn p\u00e5 webbplatsen f\u00f6r Jul i Sinnet<\/li>\n<\/ul>\n\n\n\n<p><strong>F\u00f6retag som donerat mer \u00e4n 1 500 euro f\u00e5r allt det material som n\u00e4mns ovan samt ytterligare<\/strong><\/p>\n\n\n\n<ul class=\"wp-block-list\">\n<li>Sina namn p\u00e5 tackannonsen i Iltalehti och p\u00e5 annonsen i Hufvudstadsbladet 23.12. (alla som donerat senast 11.12.2025).<\/li>\n\n\n\n<li>Ett utskrivbart tackbrev f\u00f6r donationen med underskrifter av MBF:s och FRKs generalsekreterare till exempel f\u00f6r personalrummet.<\/li>\n<\/ul>\n\n\n\n<h2 class=\"wp-block-heading\">Utmana samarbetspartners att delta i insamlingen<\/h2>\n\n\n\n<p>Insamlingsm\u00e5let \u00e4r ambiti\u00f6st och allas hj\u00e4lp beh\u00f6vs. F\u00f6retag som donerat p\u00e5 webben kan ocks\u00e5 beh\u00e4ndigt utmana samarbetspartner att delta i insamlingen. Andra akt\u00f6rer f\u00e5r g\u00e4rna utmana samarbetspartners att delta i kampanjen via deras egna kanaler.<\/p>\n\n\n\n<p>Hj\u00e4lp oss att skapa julst\u00e4mning f\u00f6r mindre bemedlade barnfamiljer i Finland!<\/p>\n","protected":false},"excerpt":{"rendered":"<p>Jul i Sinnet -kampanjen hj\u00e4lper barnfamiljer som har det ekonomiskt sv\u00e5rt. Mannerheims Barnskyddsf\u00f6rbund och R\u00f6da Korset utmanar alla f\u00f6retag att delta i insamlingen. S\u00e5 h\u00e4r kan ditt f\u00f6retag donera till insamlingen Best\u00e4m beloppet och betala antingen p\u00e5 n\u00e4tet eller skriv ut en faktura f\u00f6r ditt f\u00f6retag. 500 \u20ac 1000 \u20ac 1500 \u20ac Annan summa Ifall &#8230; <a title=\"F\u00f6retagsdonationer\" class=\"read-more\" href=\"https:\/\/hyvajoulumieli.fi\/sv\/foretagsdonationer\/\" aria-label=\"L\u00e4s mer om F\u00f6retagsdonationer\">L\u00e4s mer<\/a><\/p>\n","protected":false},"author":1,"featured_media":0,"parent":0,"menu_order":45,"comment_status":"closed","ping_status":"closed","template":"","meta":{"_acf_changed":false,"_monsterinsights_skip_tracking":false,"_monsterinsights_sitenote_active":false,"_monsterinsights_sitenote_note":"","_monsterinsights_sitenote_category":0,"footnotes":""},"class_list":["post-70","page","type-page","status-publish"],"acf":[],"yoast_head":"<!-- This site is optimized with the Yoast SEO plugin v27.3 - https:\/\/yoast.com\/product\/yoast-seo-wordpress\/ -->\n<title>F\u00f6retagsdonationer - Hyv\u00e4 Joulumieli -ker\u00e4ys<\/title>\n<meta name=\"robots\" content=\"index, follow, max-snippet:-1, max-image-preview:large, max-video-preview:-1\" \/>\n<link rel=\"canonical\" href=\"https:\/\/hyvajoulumieli.fi\/sv\/foretagsdonationer\/\" \/>\n<meta property=\"og:locale\" content=\"sv_SE\" \/>\n<meta property=\"og:type\" content=\"article\" \/>\n<meta property=\"og:title\" content=\"F\u00f6retagsdonationer - Hyv\u00e4 Joulumieli -ker\u00e4ys\" \/>\n<meta property=\"og:description\" content=\"Jul i Sinnet -kampanjen hj\u00e4lper barnfamiljer som har det ekonomiskt sv\u00e5rt. Mannerheims Barnskyddsf\u00f6rbund och R\u00f6da Korset utmanar alla f\u00f6retag att delta i insamlingen. S\u00e5 h\u00e4r kan ditt f\u00f6retag donera till insamlingen Best\u00e4m beloppet och betala antingen p\u00e5 n\u00e4tet eller skriv ut en faktura f\u00f6r ditt f\u00f6retag. 500 \u20ac 1000 \u20ac 1500 \u20ac Annan summa Ifall ... L\u00e4s mer\" \/>\n<meta property=\"og:url\" content=\"https:\/\/hyvajoulumieli.fi\/sv\/foretagsdonationer\/\" \/>\n<meta property=\"og:site_name\" content=\"Hyv\u00e4 Joulumieli -ker\u00e4ys\" \/>\n<meta property=\"article:publisher\" content=\"https:\/\/www.facebook.com\/hyvajoulumieli\/\" \/>\n<meta property=\"article:modified_time\" content=\"2025-10-09T05:28:33+00:00\" \/>\n<meta name=\"twitter:card\" content=\"summary_large_image\" \/>\n<meta name=\"twitter:site\" content=\"@hyvajoulumieli\" \/>\n<meta name=\"twitter:label1\" content=\"Ber\u00e4knad l\u00e4stid\" \/>\n\t<meta name=\"twitter:data1\" content=\"3 minuter\" \/>\n<script type=\"application\/ld+json\" class=\"yoast-schema-graph\">{\"@context\":\"https:\\\/\\\/schema.org\",\"@graph\":[{\"@type\":\"WebPage\",\"@id\":\"https:\\\/\\\/hyvajoulumieli.fi\\\/sv\\\/foretagsdonationer\\\/\",\"url\":\"https:\\\/\\\/hyvajoulumieli.fi\\\/sv\\\/foretagsdonationer\\\/\",\"name\":\"F\u00f6retagsdonationer - Hyv\u00e4 Joulumieli -ker\u00e4ys\",\"isPartOf\":{\"@id\":\"https:\\\/\\\/hyvajoulumieli.fi\\\/#website\"},\"datePublished\":\"2017-10-24T07:54:39+00:00\",\"dateModified\":\"2025-10-09T05:28:33+00:00\",\"breadcrumb\":{\"@id\":\"https:\\\/\\\/hyvajoulumieli.fi\\\/sv\\\/foretagsdonationer\\\/#breadcrumb\"},\"inLanguage\":\"sv-SE\",\"potentialAction\":[{\"@type\":\"ReadAction\",\"target\":[\"https:\\\/\\\/hyvajoulumieli.fi\\\/sv\\\/foretagsdonationer\\\/\"]}]},{\"@type\":\"BreadcrumbList\",\"@id\":\"https:\\\/\\\/hyvajoulumieli.fi\\\/sv\\\/foretagsdonationer\\\/#breadcrumb\",\"itemListElement\":[{\"@type\":\"ListItem\",\"position\":1,\"name\":\"Etusivu\",\"item\":\"https:\\\/\\\/hyvajoulumieli.fi\\\/sv\\\/\"},{\"@type\":\"ListItem\",\"position\":2,\"name\":\"F\u00f6retagsdonationer\"}]},{\"@type\":\"WebSite\",\"@id\":\"https:\\\/\\\/hyvajoulumieli.fi\\\/#website\",\"url\":\"https:\\\/\\\/hyvajoulumieli.fi\\\/\",\"name\":\"Hyv\u00e4 Joulumieli -ker\u00e4ys\",\"description\":\"Lahjoituksellasi autat v\u00e4h\u00e4varaisia lapsiperheit\u00e4. Sinun avullasi voimme jakaa ruokalahjakortteja apua tarvitseville perheille Suomessa. Hyv\u00e4 Joulumieli -lahjoitus tuo joulun.\",\"publisher\":{\"@id\":\"https:\\\/\\\/hyvajoulumieli.fi\\\/#organization\"},\"potentialAction\":[{\"@type\":\"SearchAction\",\"target\":{\"@type\":\"EntryPoint\",\"urlTemplate\":\"https:\\\/\\\/hyvajoulumieli.fi\\\/?s={search_term_string}\"},\"query-input\":{\"@type\":\"PropertyValueSpecification\",\"valueRequired\":true,\"valueName\":\"search_term_string\"}}],\"inLanguage\":\"sv-SE\"},{\"@type\":\"Organization\",\"@id\":\"https:\\\/\\\/hyvajoulumieli.fi\\\/#organization\",\"name\":\"Hyv\u00e4 Joulumieli -ker\u00e4ys\",\"url\":\"https:\\\/\\\/hyvajoulumieli.fi\\\/\",\"logo\":{\"@type\":\"ImageObject\",\"inLanguage\":\"sv-SE\",\"@id\":\"https:\\\/\\\/hyvajoulumieli.fi\\\/#\\\/schema\\\/logo\\\/image\\\/\",\"url\":\"https:\\\/\\\/hyvajoulumieli.fi\\\/wp-content\\\/uploads\\\/2024\\\/09\\\/Hyvajoulumieli_logo_valkoinen-tausta.png\",\"contentUrl\":\"https:\\\/\\\/hyvajoulumieli.fi\\\/wp-content\\\/uploads\\\/2024\\\/09\\\/Hyvajoulumieli_logo_valkoinen-tausta.png\",\"width\":295,\"height\":113,\"caption\":\"Hyv\u00e4 Joulumieli -ker\u00e4ys\"},\"image\":{\"@id\":\"https:\\\/\\\/hyvajoulumieli.fi\\\/#\\\/schema\\\/logo\\\/image\\\/\"},\"sameAs\":[\"https:\\\/\\\/www.facebook.com\\\/hyvajoulumieli\\\/\",\"https:\\\/\\\/x.com\\\/hyvajoulumieli\",\"http:\\\/\\\/@hyvajoulumieli\"]}]}<\/script>\n<!-- \/ Yoast SEO plugin. -->","yoast_head_json":{"title":"F\u00f6retagsdonationer - Hyv\u00e4 Joulumieli -ker\u00e4ys","robots":{"index":"index","follow":"follow","max-snippet":"max-snippet:-1","max-image-preview":"max-image-preview:large","max-video-preview":"max-video-preview:-1"},"canonical":"https:\/\/hyvajoulumieli.fi\/sv\/foretagsdonationer\/","og_locale":"sv_SE","og_type":"article","og_title":"F\u00f6retagsdonationer - Hyv\u00e4 Joulumieli -ker\u00e4ys","og_description":"Jul i Sinnet -kampanjen hj\u00e4lper barnfamiljer som har det ekonomiskt sv\u00e5rt. Mannerheims Barnskyddsf\u00f6rbund och R\u00f6da Korset utmanar alla f\u00f6retag att delta i insamlingen. S\u00e5 h\u00e4r kan ditt f\u00f6retag donera till insamlingen Best\u00e4m beloppet och betala antingen p\u00e5 n\u00e4tet eller skriv ut en faktura f\u00f6r ditt f\u00f6retag. 500 \u20ac 1000 \u20ac 1500 \u20ac Annan summa Ifall ... L\u00e4s mer","og_url":"https:\/\/hyvajoulumieli.fi\/sv\/foretagsdonationer\/","og_site_name":"Hyv\u00e4 Joulumieli -ker\u00e4ys","article_publisher":"https:\/\/www.facebook.com\/hyvajoulumieli\/","article_modified_time":"2025-10-09T05:28:33+00:00","twitter_card":"summary_large_image","twitter_site":"@hyvajoulumieli","twitter_misc":{"Ber\u00e4knad l\u00e4stid":"3 minuter"},"schema":{"@context":"https:\/\/schema.org","@graph":[{"@type":"WebPage","@id":"https:\/\/hyvajoulumieli.fi\/sv\/foretagsdonationer\/","url":"https:\/\/hyvajoulumieli.fi\/sv\/foretagsdonationer\/","name":"F\u00f6retagsdonationer - Hyv\u00e4 Joulumieli -ker\u00e4ys","isPartOf":{"@id":"https:\/\/hyvajoulumieli.fi\/#website"},"datePublished":"2017-10-24T07:54:39+00:00","dateModified":"2025-10-09T05:28:33+00:00","breadcrumb":{"@id":"https:\/\/hyvajoulumieli.fi\/sv\/foretagsdonationer\/#breadcrumb"},"inLanguage":"sv-SE","potentialAction":[{"@type":"ReadAction","target":["https:\/\/hyvajoulumieli.fi\/sv\/foretagsdonationer\/"]}]},{"@type":"BreadcrumbList","@id":"https:\/\/hyvajoulumieli.fi\/sv\/foretagsdonationer\/#breadcrumb","itemListElement":[{"@type":"ListItem","position":1,"name":"Etusivu","item":"https:\/\/hyvajoulumieli.fi\/sv\/"},{"@type":"ListItem","position":2,"name":"F\u00f6retagsdonationer"}]},{"@type":"WebSite","@id":"https:\/\/hyvajoulumieli.fi\/#website","url":"https:\/\/hyvajoulumieli.fi\/","name":"Hyv\u00e4 Joulumieli -ker\u00e4ys","description":"Lahjoituksellasi autat v\u00e4h\u00e4varaisia lapsiperheit\u00e4. Sinun avullasi voimme jakaa ruokalahjakortteja apua tarvitseville perheille Suomessa. Hyv\u00e4 Joulumieli -lahjoitus tuo joulun.","publisher":{"@id":"https:\/\/hyvajoulumieli.fi\/#organization"},"potentialAction":[{"@type":"SearchAction","target":{"@type":"EntryPoint","urlTemplate":"https:\/\/hyvajoulumieli.fi\/?s={search_term_string}"},"query-input":{"@type":"PropertyValueSpecification","valueRequired":true,"valueName":"search_term_string"}}],"inLanguage":"sv-SE"},{"@type":"Organization","@id":"https:\/\/hyvajoulumieli.fi\/#organization","name":"Hyv\u00e4 Joulumieli -ker\u00e4ys","url":"https:\/\/hyvajoulumieli.fi\/","logo":{"@type":"ImageObject","inLanguage":"sv-SE","@id":"https:\/\/hyvajoulumieli.fi\/#\/schema\/logo\/image\/","url":"https:\/\/hyvajoulumieli.fi\/wp-content\/uploads\/2024\/09\/Hyvajoulumieli_logo_valkoinen-tausta.png","contentUrl":"https:\/\/hyvajoulumieli.fi\/wp-content\/uploads\/2024\/09\/Hyvajoulumieli_logo_valkoinen-tausta.png","width":295,"height":113,"caption":"Hyv\u00e4 Joulumieli -ker\u00e4ys"},"image":{"@id":"https:\/\/hyvajoulumieli.fi\/#\/schema\/logo\/image\/"},"sameAs":["https:\/\/www.facebook.com\/hyvajoulumieli\/","https:\/\/x.com\/hyvajoulumieli","http:\/\/@hyvajoulumieli"]}]}},"_links":{"self":[{"href":"https:\/\/hyvajoulumieli.fi\/sv\/wp-json\/wp\/v2\/pages\/70","targetHints":{"allow":["GET"]}}],"collection":[{"href":"https:\/\/hyvajoulumieli.fi\/sv\/wp-json\/wp\/v2\/pages"}],"about":[{"href":"https:\/\/hyvajoulumieli.fi\/sv\/wp-json\/wp\/v2\/types\/page"}],"author":[{"embeddable":true,"href":"https:\/\/hyvajoulumieli.fi\/sv\/wp-json\/wp\/v2\/users\/1"}],"replies":[{"embeddable":true,"href":"https:\/\/hyvajoulumieli.fi\/sv\/wp-json\/wp\/v2\/comments?post=70"}],"version-history":[{"count":45,"href":"https:\/\/hyvajoulumieli.fi\/sv\/wp-json\/wp\/v2\/pages\/70\/revisions"}],"predecessor-version":[{"id":5182,"href":"https:\/\/hyvajoulumieli.fi\/sv\/wp-json\/wp\/v2\/pages\/70\/revisions\/5182"}],"wp:attachment":[{"href":"https:\/\/hyvajoulumieli.fi\/sv\/wp-json\/wp\/v2\/media?parent=70"}],"curies":[{"name":"wp","href":"https:\/\/api.w.org\/{rel}","templated":true}]}}